{"id":159,"date":"2018-05-16T09:24:24","date_gmt":"2018-05-16T09:24:24","guid":{"rendered":"http:\/\/parfumas.lt\/?page_id=159"},"modified":"2018-05-16T09:24:24","modified_gmt":"2018-05-16T09:24:24","slug":"pristatymas-ir-grazinimas","status":"publish","type":"page","link":"https:\/\/parfumas.lt\/index.php\/pristatymas-ir-grazinimas\/","title":{"rendered":"Pristatymas ir gr\u0105\u017einimas"},"content":{"rendered":"<p><strong><u>PRISTATYMAS IR GR\u0104\u017dINIMAS<\/u><\/strong><\/p>\n<p><strong>\u00a0<\/strong><\/p>\n<p><strong>U\u017esakymo pristatymas<\/strong><\/p>\n<p>&nbsp;<\/p>\n<p>LR teritorijoje prek\u0117s pristatomos per 2-7 darbo dienas, po apmok\u0117jimo gavimo ir u\u017esakymo patvirtinimo.<\/p>\n<p><strong>\u00a0<\/strong><\/p>\n<p><strong>Preki\u0173 gr\u0105\u017einimas<\/strong><\/p>\n<p>&nbsp;<\/p>\n<p>Prie\u0161 u\u017esisakant bet kuriuos parfum kvepalus, rekomenduojame prie\u0161 tai jau b\u016bti susipa\u017einus su produkto aromatu. Tai galite padaryti pas mus* arba prekybos partneri\u0173 salonuose.<\/p>\n<p>*KAUNAS Kalnie\u010di\u0173 g. 219 \/ Purien\u0173 g. kampas.<\/p>\n<p>Remiantis (\u017din., 2001, Nr.58-2105) Daikt\u0173 gr\u0105\u017einimo ir keitimo taisykl\u0117mis parfumerijos prek\u0117s n\u0117ra kei\u010diamos ar gr\u0105\u017einamos.<\/p>\n","protected":false},"excerpt":{"rendered":"<p>PRISTATYMAS IR GR\u0104\u017dINIMAS \u00a0 U\u017esakymo pristatymas &nbsp; LR teritorijoje prek\u0117s pristatomos per 2-7 darbo dienas, po apmok\u0117jimo gavimo ir u\u017esakymo patvirtinimo. \u00a0 Preki\u0173 gr\u0105\u017einimas &nbsp; Prie\u0161 u\u017esisakant bet kuriuos parfum kvepalus, rekomenduojame prie\u0161 tai jau b\u016bti susipa\u017einus su produkto aromatu. Tai galite padaryti pas mus* arba prekybos partneri\u0173 salonuose. *KAUNAS Kalnie\u010di\u0173 g. 219 \/ Purien\u0173 [&hellip;]<\/p>\n","protected":false},"author":3,"featured_media":0,"parent":0,"menu_order":0,"comment_status":"closed","ping_status":"closed","template":"","meta":{"_monsterinsights_skip_tracking":false,"_monsterinsights_sitenote_active":false,"_monsterinsights_sitenote_note":"","_monsterinsights_sitenote_category":0,"footnotes":""},"class_list":["post-159","page","type-page","status-publish","hentry"],"yoast_head":"<!-- This site is optimized with the Yoast SEO plugin v27.2 - https:\/\/yoast.com\/product\/yoast-seo-wordpress\/ -->\n<title>Pristatymas ir gr\u0105\u017einimas - saphir.lt<\/title>\n<meta name=\"robots\" content=\"index, follow, max-snippet:-1, max-image-preview:large, max-video-preview:-1\" \/>\n<link rel=\"canonical\" href=\"https:\/\/parfumas.lt\/index.php\/pristatymas-ir-grazinimas\/\" \/>\n<meta property=\"og:locale\" content=\"lt_LT\" \/>\n<meta property=\"og:type\" content=\"article\" \/>\n<meta property=\"og:title\" content=\"Pristatymas ir gr\u0105\u017einimas - saphir.lt\" \/>\n<meta property=\"og:description\" content=\"PRISTATYMAS IR GR\u0104\u017dINIMAS \u00a0 U\u017esakymo pristatymas &nbsp; LR teritorijoje prek\u0117s pristatomos per 2-7 darbo dienas, po apmok\u0117jimo gavimo ir u\u017esakymo patvirtinimo. \u00a0 Preki\u0173 gr\u0105\u017einimas &nbsp; Prie\u0161 u\u017esisakant bet kuriuos parfum kvepalus, rekomenduojame prie\u0161 tai jau b\u016bti susipa\u017einus su produkto aromatu. Tai galite padaryti pas mus* arba prekybos partneri\u0173 salonuose. *KAUNAS Kalnie\u010di\u0173 g. 219 \/ Purien\u0173 [&hellip;]\" \/>\n<meta property=\"og:url\" content=\"https:\/\/parfumas.lt\/index.php\/pristatymas-ir-grazinimas\/\" \/>\n<meta property=\"og:site_name\" content=\"saphir.lt\" \/>\n<meta property=\"article:publisher\" content=\"https:\/\/www.facebook.com\/parfumas.lt\" \/>\n<meta name=\"twitter:card\" content=\"summary_large_image\" \/>\n<script type=\"application\/ld+json\" class=\"yoast-schema-graph\">{\"@context\":\"https:\/\/schema.org\",\"@graph\":[{\"@type\":\"WebPage\",\"@id\":\"https:\/\/parfumas.lt\/index.php\/pristatymas-ir-grazinimas\/\",\"url\":\"https:\/\/parfumas.lt\/index.php\/pristatymas-ir-grazinimas\/\",\"name\":\"Pristatymas ir gr\u0105\u017einimas - saphir.lt\",\"isPartOf\":{\"@id\":\"https:\/\/parfumas.lt\/#website\"},\"datePublished\":\"2018-05-16T09:24:24+00:00\",\"breadcrumb\":{\"@id\":\"https:\/\/parfumas.lt\/index.php\/pristatymas-ir-grazinimas\/#breadcrumb\"},\"inLanguage\":\"lt-LT\",\"potentialAction\":[{\"@type\":\"ReadAction\",\"target\":[\"https:\/\/parfumas.lt\/index.php\/pristatymas-ir-grazinimas\/\"]}]},{\"@type\":\"BreadcrumbList\",\"@id\":\"https:\/\/parfumas.lt\/index.php\/pristatymas-ir-grazinimas\/#breadcrumb\",\"itemListElement\":[{\"@type\":\"ListItem\",\"position\":1,\"name\":\"Home\",\"item\":\"https:\/\/parfumas.lt\/\"},{\"@type\":\"ListItem\",\"position\":2,\"name\":\"Pristatymas ir gr\u0105\u017einimas\"}]},{\"@type\":\"WebSite\",\"@id\":\"https:\/\/parfumas.lt\/#website\",\"url\":\"https:\/\/parfumas.lt\/\",\"name\":\"saphir.lt\",\"description\":\"KASDIENINIAI KVEPALAI PO SPORTO, KELION\u0116JE, U\u017d GER\u0104 KAIN\u0104!\",\"potentialAction\":[{\"@type\":\"SearchAction\",\"target\":{\"@type\":\"EntryPoint\",\"urlTemplate\":\"https:\/\/parfumas.lt\/?s={search_term_string}\"},\"query-input\":{\"@type\":\"PropertyValueSpecification\",\"valueRequired\":true,\"valueName\":\"search_term_string\"}}],\"inLanguage\":\"lt-LT\"}]}<\/script>\n<!-- \/ Yoast SEO plugin. -->","yoast_head_json":{"title":"Pristatymas ir gr\u0105\u017einimas - saphir.lt","robots":{"index":"index","follow":"follow","max-snippet":"max-snippet:-1","max-image-preview":"max-image-preview:large","max-video-preview":"max-video-preview:-1"},"canonical":"https:\/\/parfumas.lt\/index.php\/pristatymas-ir-grazinimas\/","og_locale":"lt_LT","og_type":"article","og_title":"Pristatymas ir gr\u0105\u017einimas - saphir.lt","og_description":"PRISTATYMAS IR GR\u0104\u017dINIMAS \u00a0 U\u017esakymo pristatymas &nbsp; LR teritorijoje prek\u0117s pristatomos per 2-7 darbo dienas, po apmok\u0117jimo gavimo ir u\u017esakymo patvirtinimo. \u00a0 Preki\u0173 gr\u0105\u017einimas &nbsp; Prie\u0161 u\u017esisakant bet kuriuos parfum kvepalus, rekomenduojame prie\u0161 tai jau b\u016bti susipa\u017einus su produkto aromatu. Tai galite padaryti pas mus* arba prekybos partneri\u0173 salonuose. *KAUNAS Kalnie\u010di\u0173 g. 219 \/ Purien\u0173 [&hellip;]","og_url":"https:\/\/parfumas.lt\/index.php\/pristatymas-ir-grazinimas\/","og_site_name":"saphir.lt","article_publisher":"https:\/\/www.facebook.com\/parfumas.lt","twitter_card":"summary_large_image","schema":{"@context":"https:\/\/schema.org","@graph":[{"@type":"WebPage","@id":"https:\/\/parfumas.lt\/index.php\/pristatymas-ir-grazinimas\/","url":"https:\/\/parfumas.lt\/index.php\/pristatymas-ir-grazinimas\/","name":"Pristatymas ir gr\u0105\u017einimas - saphir.lt","isPartOf":{"@id":"https:\/\/parfumas.lt\/#website"},"datePublished":"2018-05-16T09:24:24+00:00","breadcrumb":{"@id":"https:\/\/parfumas.lt\/index.php\/pristatymas-ir-grazinimas\/#breadcrumb"},"inLanguage":"lt-LT","potentialAction":[{"@type":"ReadAction","target":["https:\/\/parfumas.lt\/index.php\/pristatymas-ir-grazinimas\/"]}]},{"@type":"BreadcrumbList","@id":"https:\/\/parfumas.lt\/index.php\/pristatymas-ir-grazinimas\/#breadcrumb","itemListElement":[{"@type":"ListItem","position":1,"name":"Home","item":"https:\/\/parfumas.lt\/"},{"@type":"ListItem","position":2,"name":"Pristatymas ir gr\u0105\u017einimas"}]},{"@type":"WebSite","@id":"https:\/\/parfumas.lt\/#website","url":"https:\/\/parfumas.lt\/","name":"saphir.lt","description":"KASDIENINIAI KVEPALAI PO SPORTO, KELION\u0116JE, U\u017d GER\u0104 KAIN\u0104!","potentialAction":[{"@type":"SearchAction","target":{"@type":"EntryPoint","urlTemplate":"https:\/\/parfumas.lt\/?s={search_term_string}"},"query-input":{"@type":"PropertyValueSpecification","valueRequired":true,"valueName":"search_term_string"}}],"inLanguage":"lt-LT"}]}},"_links":{"self":[{"href":"https:\/\/parfumas.lt\/index.php\/wp-json\/wp\/v2\/pages\/159","targetHints":{"allow":["GET"]}}],"collection":[{"href":"https:\/\/parfumas.lt\/index.php\/wp-json\/wp\/v2\/pages"}],"about":[{"href":"https:\/\/parfumas.lt\/index.php\/wp-json\/wp\/v2\/types\/page"}],"author":[{"embeddable":true,"href":"https:\/\/parfumas.lt\/index.php\/wp-json\/wp\/v2\/users\/3"}],"replies":[{"embeddable":true,"href":"https:\/\/parfumas.lt\/index.php\/wp-json\/wp\/v2\/comments?post=159"}],"version-history":[{"count":1,"href":"https:\/\/parfumas.lt\/index.php\/wp-json\/wp\/v2\/pages\/159\/revisions"}],"predecessor-version":[{"id":160,"href":"https:\/\/parfumas.lt\/index.php\/wp-json\/wp\/v2\/pages\/159\/revisions\/160"}],"wp:attachment":[{"href":"https:\/\/parfumas.lt\/index.php\/wp-json\/wp\/v2\/media?parent=159"}],"curies":[{"name":"wp","href":"https:\/\/api.w.org\/{rel}","templated":true}]}}