{"id":164,"date":"2018-05-16T10:18:43","date_gmt":"2018-05-16T10:18:43","guid":{"rendered":"http:\/\/parfumas.lt\/?page_id=164"},"modified":"2019-05-09T16:40:59","modified_gmt":"2019-05-09T16:40:59","slug":"kontaktai","status":"publish","type":"page","link":"https:\/\/parfumas.lt\/index.php\/kontaktai\/","title":{"rendered":"Kontaktai"},"content":{"rendered":"<p><a href=\"http:\/\/www.valmarket.lt\"><strong><img loading=\"lazy\" decoding=\"async\" src=\"https:\/\/parfumas.lt\/wp-content\/uploads\/2019\/03\/DSC_7347-1-e1552508471837-199x300.jpg\" alt=\"\" width=\"199\" height=\"300\"> <img loading=\"lazy\" decoding=\"async\" src=\"https:\/\/parfumas.lt\/wp-content\/uploads\/2019\/03\/paroda_saphir-199x300.jpg\" alt=\"\" width=\"199\" height=\"300\"><img loading=\"lazy\" decoding=\"async\" src=\"https:\/\/parfumas.lt\/wp-content\/uploads\/2019\/03\/DSC_7327-300x199.jpg\" alt=\"\" width=\"300\" height=\"199\"> <img loading=\"lazy\" decoding=\"async\" src=\"https:\/\/parfumas.lt\/wp-content\/uploads\/2018\/05\/DSC_7364-300x199.jpg\" alt=\"\" width=\"300\" height=\"199\"> <img loading=\"lazy\" decoding=\"async\" src=\"https:\/\/parfumas.lt\/wp-content\/uploads\/2018\/05\/DSC_7316-300x199.jpg\" alt=\"\" width=\"300\" height=\"199\"> <img loading=\"lazy\" decoding=\"async\" src=\"https:\/\/parfumas.lt\/wp-content\/uploads\/2018\/05\/DSC_7356-300x199.jpg\" alt=\"\" width=\"300\" height=\"199\"> <img loading=\"lazy\" decoding=\"async\" src=\"https:\/\/parfumas.lt\/wp-content\/uploads\/2019\/03\/DSC_7326-300x199.jpg\" alt=\"\" width=\"300\" height=\"199\"> <img loading=\"lazy\" decoding=\"async\" src=\"https:\/\/parfumas.lt\/wp-content\/uploads\/2019\/03\/DSC_7360-300x199.jpg\" alt=\"\" width=\"300\" height=\"199\"> <img loading=\"lazy\" decoding=\"async\" src=\"https:\/\/parfumas.lt\/wp-content\/uploads\/2019\/03\/DSC_7362-300x199.jpg\" alt=\"\" width=\"300\" height=\"199\"> <img loading=\"lazy\" decoding=\"async\" src=\"https:\/\/parfumas.lt\/wp-content\/uploads\/2019\/03\/media-share-0-02-05-06c6763fed204e6815dc76842426cef77a58a62f9f7a16e693f4288b681c2851-edc2117f-4d26-4378-ae91-63327b3a1dc0-300x217.jpg\" alt=\"\" width=\"300\" height=\"217\"> <img loading=\"lazy\" decoding=\"async\" src=\"https:\/\/parfumas.lt\/wp-content\/uploads\/2019\/03\/DSC_7350-300x199.jpg\" alt=\"\" width=\"300\" height=\"199\"> <img loading=\"lazy\" decoding=\"async\" src=\"https:\/\/parfumas.lt\/wp-content\/uploads\/2019\/03\/DSC_7352-300x199.jpg\" alt=\"\" width=\"300\" height=\"199\"> <img loading=\"lazy\" decoding=\"async\" src=\"https:\/\/parfumas.lt\/wp-content\/uploads\/2019\/03\/DSC_7358-e1552507190330-199x300.jpg\" alt=\"\" width=\"199\" height=\"300\"><\/strong><\/a><br \/>\n<a href=\"http:\/\/www.valmarket.lt\"><strong>UAB VALmarket<\/strong><\/a>Registracijos adresas&nbsp;Kalnie\u010di\u0173 g. 219A, LT-50139 Kaunas&nbsp;<em>Preki\u0173 atsi\u0117mimo ir garantinio aptarnavimo punktas:<\/em>Kalnie\u010di\u0173 g. 219 \/ Purien\u0173 g. kampas, LT-50139 Kaunas<br \/>\nMob.&nbsp;<a href=\"callto:+370 (687) 76172\">+370 (687) 76172<\/a><br \/>\n\u012emon\u0117s kodas 136006675, PVM kodas LT360066716,<br \/>\nA\/S&nbsp;LT653500010003675163 Paysera<br \/>\nSkype:&nbsp;<a href=\"skype:uabvalmarket?chat\">uabvalmarket<\/a><\/p>\n<p><img loading=\"lazy\" decoding=\"async\" src=\"http:\/\/parfumas.lt\/wp-content\/uploads\/2018\/05\/parfumas-300x169.jpg\" alt=\"\" width=\"300\" height=\"169\"><\/p>\n","protected":false},"excerpt":{"rendered":"<p>UAB VALmarketRegistracijos adresas&nbsp;Kalnie\u010di\u0173 g. 219A, LT-50139 Kaunas&nbsp;Preki\u0173 atsi\u0117mimo ir garantinio aptarnavimo punktas:Kalnie\u010di\u0173 g. 219 \/ Purien\u0173 g. kampas, LT-50139 Kaunas Mob.&nbsp;+370 (687) 76172 \u012emon\u0117s kodas 136006675, PVM kodas LT360066716, A\/S&nbsp;LT653500010003675163 Paysera Skype:&nbsp;uabvalmarket<\/p>\n","protected":false},"author":3,"featured_media":0,"parent":0,"menu_order":0,"comment_status":"closed","ping_status":"closed","template":"","meta":{"_monsterinsights_skip_tracking":false,"_monsterinsights_sitenote_active":false,"_monsterinsights_sitenote_note":"","_monsterinsights_sitenote_category":0,"footnotes":""},"class_list":["post-164","page","type-page","status-publish","hentry"],"yoast_head":"<!-- This site is optimized with the Yoast SEO plugin v27.2 - https:\/\/yoast.com\/product\/yoast-seo-wordpress\/ -->\n<title>Kontaktai - saphir.lt<\/title>\n<meta name=\"robots\" content=\"index, follow, max-snippet:-1, max-image-preview:large, max-video-preview:-1\" \/>\n<link rel=\"canonical\" href=\"https:\/\/parfumas.lt\/index.php\/kontaktai\/\" \/>\n<meta property=\"og:locale\" content=\"lt_LT\" \/>\n<meta property=\"og:type\" content=\"article\" \/>\n<meta property=\"og:title\" content=\"Kontaktai - saphir.lt\" \/>\n<meta property=\"og:description\" content=\"UAB VALmarketRegistracijos adresas&nbsp;Kalnie\u010di\u0173 g. 219A, LT-50139 Kaunas&nbsp;Preki\u0173 atsi\u0117mimo ir garantinio aptarnavimo punktas:Kalnie\u010di\u0173 g. 219 \/ Purien\u0173 g. kampas, LT-50139 Kaunas Mob.&nbsp;+370 (687) 76172 \u012emon\u0117s kodas 136006675, PVM kodas LT360066716, A\/S&nbsp;LT653500010003675163 Paysera Skype:&nbsp;uabvalmarket\" \/>\n<meta property=\"og:url\" content=\"https:\/\/parfumas.lt\/index.php\/kontaktai\/\" \/>\n<meta property=\"og:site_name\" content=\"saphir.lt\" \/>\n<meta property=\"article:publisher\" content=\"https:\/\/www.facebook.com\/parfumas.lt\" \/>\n<meta property=\"article:modified_time\" content=\"2019-05-09T16:40:59+00:00\" \/>\n<meta property=\"og:image\" content=\"https:\/\/parfumas.lt\/wp-content\/uploads\/2019\/03\/DSC_7347-1-e1552508471837-199x300.jpg\" \/>\n<meta name=\"twitter:card\" content=\"summary_large_image\" \/>\n<script type=\"application\/ld+json\" class=\"yoast-schema-graph\">{\"@context\":\"https:\/\/schema.org\",\"@graph\":[{\"@type\":\"WebPage\",\"@id\":\"https:\/\/parfumas.lt\/index.php\/kontaktai\/\",\"url\":\"https:\/\/parfumas.lt\/index.php\/kontaktai\/\",\"name\":\"Kontaktai - saphir.lt\",\"isPartOf\":{\"@id\":\"https:\/\/parfumas.lt\/#website\"},\"primaryImageOfPage\":{\"@id\":\"https:\/\/parfumas.lt\/index.php\/kontaktai\/#primaryimage\"},\"image\":{\"@id\":\"https:\/\/parfumas.lt\/index.php\/kontaktai\/#primaryimage\"},\"thumbnailUrl\":\"https:\/\/parfumas.lt\/wp-content\/uploads\/2019\/03\/DSC_7347-1-e1552508471837-199x300.jpg\",\"datePublished\":\"2018-05-16T10:18:43+00:00\",\"dateModified\":\"2019-05-09T16:40:59+00:00\",\"breadcrumb\":{\"@id\":\"https:\/\/parfumas.lt\/index.php\/kontaktai\/#breadcrumb\"},\"inLanguage\":\"lt-LT\",\"potentialAction\":[{\"@type\":\"ReadAction\",\"target\":[\"https:\/\/parfumas.lt\/index.php\/kontaktai\/\"]}]},{\"@type\":\"ImageObject\",\"inLanguage\":\"lt-LT\",\"@id\":\"https:\/\/parfumas.lt\/index.php\/kontaktai\/#primaryimage\",\"url\":\"https:\/\/parfumas.lt\/wp-content\/uploads\/2019\/03\/DSC_7347-1-e1552508471837-scaled.jpg\",\"contentUrl\":\"https:\/\/parfumas.lt\/wp-content\/uploads\/2019\/03\/DSC_7347-1-e1552508471837-scaled.jpg\",\"width\":1696,\"height\":2560},{\"@type\":\"BreadcrumbList\",\"@id\":\"https:\/\/parfumas.lt\/index.php\/kontaktai\/#breadcrumb\",\"itemListElement\":[{\"@type\":\"ListItem\",\"position\":1,\"name\":\"Home\",\"item\":\"https:\/\/parfumas.lt\/\"},{\"@type\":\"ListItem\",\"position\":2,\"name\":\"Kontaktai\"}]},{\"@type\":\"WebSite\",\"@id\":\"https:\/\/parfumas.lt\/#website\",\"url\":\"https:\/\/parfumas.lt\/\",\"name\":\"saphir.lt\",\"description\":\"KASDIENINIAI KVEPALAI PO SPORTO, KELION\u0116JE, U\u017d GER\u0104 KAIN\u0104!\",\"potentialAction\":[{\"@type\":\"SearchAction\",\"target\":{\"@type\":\"EntryPoint\",\"urlTemplate\":\"https:\/\/parfumas.lt\/?s={search_term_string}\"},\"query-input\":{\"@type\":\"PropertyValueSpecification\",\"valueRequired\":true,\"valueName\":\"search_term_string\"}}],\"inLanguage\":\"lt-LT\"}]}<\/script>\n<!-- \/ Yoast SEO plugin. -->","yoast_head_json":{"title":"Kontaktai - saphir.lt","robots":{"index":"index","follow":"follow","max-snippet":"max-snippet:-1","max-image-preview":"max-image-preview:large","max-video-preview":"max-video-preview:-1"},"canonical":"https:\/\/parfumas.lt\/index.php\/kontaktai\/","og_locale":"lt_LT","og_type":"article","og_title":"Kontaktai - saphir.lt","og_description":"UAB VALmarketRegistracijos adresas&nbsp;Kalnie\u010di\u0173 g. 219A, LT-50139 Kaunas&nbsp;Preki\u0173 atsi\u0117mimo ir garantinio aptarnavimo punktas:Kalnie\u010di\u0173 g. 219 \/ Purien\u0173 g. kampas, LT-50139 Kaunas Mob.&nbsp;+370 (687) 76172 \u012emon\u0117s kodas 136006675, PVM kodas LT360066716, A\/S&nbsp;LT653500010003675163 Paysera Skype:&nbsp;uabvalmarket","og_url":"https:\/\/parfumas.lt\/index.php\/kontaktai\/","og_site_name":"saphir.lt","article_publisher":"https:\/\/www.facebook.com\/parfumas.lt","article_modified_time":"2019-05-09T16:40:59+00:00","og_image":[{"url":"https:\/\/parfumas.lt\/wp-content\/uploads\/2019\/03\/DSC_7347-1-e1552508471837-199x300.jpg","type":"","width":"","height":""}],"twitter_card":"summary_large_image","schema":{"@context":"https:\/\/schema.org","@graph":[{"@type":"WebPage","@id":"https:\/\/parfumas.lt\/index.php\/kontaktai\/","url":"https:\/\/parfumas.lt\/index.php\/kontaktai\/","name":"Kontaktai - saphir.lt","isPartOf":{"@id":"https:\/\/parfumas.lt\/#website"},"primaryImageOfPage":{"@id":"https:\/\/parfumas.lt\/index.php\/kontaktai\/#primaryimage"},"image":{"@id":"https:\/\/parfumas.lt\/index.php\/kontaktai\/#primaryimage"},"thumbnailUrl":"https:\/\/parfumas.lt\/wp-content\/uploads\/2019\/03\/DSC_7347-1-e1552508471837-199x300.jpg","datePublished":"2018-05-16T10:18:43+00:00","dateModified":"2019-05-09T16:40:59+00:00","breadcrumb":{"@id":"https:\/\/parfumas.lt\/index.php\/kontaktai\/#breadcrumb"},"inLanguage":"lt-LT","potentialAction":[{"@type":"ReadAction","target":["https:\/\/parfumas.lt\/index.php\/kontaktai\/"]}]},{"@type":"ImageObject","inLanguage":"lt-LT","@id":"https:\/\/parfumas.lt\/index.php\/kontaktai\/#primaryimage","url":"https:\/\/parfumas.lt\/wp-content\/uploads\/2019\/03\/DSC_7347-1-e1552508471837-scaled.jpg","contentUrl":"https:\/\/parfumas.lt\/wp-content\/uploads\/2019\/03\/DSC_7347-1-e1552508471837-scaled.jpg","width":1696,"height":2560},{"@type":"BreadcrumbList","@id":"https:\/\/parfumas.lt\/index.php\/kontaktai\/#breadcrumb","itemListElement":[{"@type":"ListItem","position":1,"name":"Home","item":"https:\/\/parfumas.lt\/"},{"@type":"ListItem","position":2,"name":"Kontaktai"}]},{"@type":"WebSite","@id":"https:\/\/parfumas.lt\/#website","url":"https:\/\/parfumas.lt\/","name":"saphir.lt","description":"KASDIENINIAI KVEPALAI PO SPORTO, KELION\u0116JE, U\u017d GER\u0104 KAIN\u0104!","potentialAction":[{"@type":"SearchAction","target":{"@type":"EntryPoint","urlTemplate":"https:\/\/parfumas.lt\/?s={search_term_string}"},"query-input":{"@type":"PropertyValueSpecification","valueRequired":true,"valueName":"search_term_string"}}],"inLanguage":"lt-LT"}]}},"_links":{"self":[{"href":"https:\/\/parfumas.lt\/index.php\/wp-json\/wp\/v2\/pages\/164","targetHints":{"allow":["GET"]}}],"collection":[{"href":"https:\/\/parfumas.lt\/index.php\/wp-json\/wp\/v2\/pages"}],"about":[{"href":"https:\/\/parfumas.lt\/index.php\/wp-json\/wp\/v2\/types\/page"}],"author":[{"embeddable":true,"href":"https:\/\/parfumas.lt\/index.php\/wp-json\/wp\/v2\/users\/3"}],"replies":[{"embeddable":true,"href":"https:\/\/parfumas.lt\/index.php\/wp-json\/wp\/v2\/comments?post=164"}],"version-history":[{"count":7,"href":"https:\/\/parfumas.lt\/index.php\/wp-json\/wp\/v2\/pages\/164\/revisions"}],"predecessor-version":[{"id":620,"href":"https:\/\/parfumas.lt\/index.php\/wp-json\/wp\/v2\/pages\/164\/revisions\/620"}],"wp:attachment":[{"href":"https:\/\/parfumas.lt\/index.php\/wp-json\/wp\/v2\/media?parent=164"}],"curies":[{"name":"wp","href":"https:\/\/api.w.org\/{rel}","templated":true}]}}