{"id":116,"date":"2018-05-14T17:31:00","date_gmt":"2018-05-14T17:31:00","guid":{"rendered":"http:\/\/parfumas.lt\/?post_type=product&#038;p=116"},"modified":"2025-11-21T10:50:22","modified_gmt":"2025-11-21T10:50:22","slug":"velvet-affaire-100-ml","status":"publish","type":"product","link":"https:\/\/parfumas.lt\/index.php\/product\/velvet-affaire-100-ml\/","title":{"rendered":"VELVET AFFAIRE"},"content":{"rendered":"<p style=\"text-align: left;\">Saphir &#8211; VELVET AFFAIRE &#8211; Pour Homme &#8211;\u00a0 Eau de Parfum &#8211; vyrams (100 ml)<\/p>\n<p style=\"text-align: left;\">Vir\u0161utin\u0117s (galvos) natos: citrina, apelsinas, kardamonas<\/p>\n<p style=\"text-align: left;\">Vidurin\u0117s (\u0161irdies) natos: ro\u017e\u0117, jazminas, rozmarinas<\/p>\n<p style=\"text-align: left;\">Bazin\u0117s (baigiamosios) natos: vetiveris, s\u0105manos, kedras<\/p>\n<p><strong><img loading=\"lazy\" decoding=\"async\" class=\"alignnone size-full wp-image-88\" src=\"http:\/\/parfumas.lt\/wp-content\/uploads\/2018\/05\/Ryt-geliu.jpg\" alt=\"\" width=\"72\" height=\"72\" \/>\u00a0 \u00a0 AROMATIN\u0116<\/strong><strong>\u00a0\u0161eima<\/strong><\/p>\n<p>\u0160\u012f koncept\u0105 charakterizuoja dominuojantis g\u0117li\u0173 aromatas kombinuotas su paslaptingomis esencijomis i\u0161 ryt\u0173, pasi\u017eymi \u0161iltu ir sald\u017eiu fonu<\/p>\n","protected":false},"excerpt":{"rendered":"<p style=\"text-align: left;\">Oficialus serialo Velvet kvapas vyrams.<\/p>\n<p style=\"text-align: left;\">\u012ekv\u0117pti 5-tojo de\u0161imtme\u010dio estetikos, glam\u016briniai kvepalai atspindi auk\u0161tosios mados tendencijas.\u00a0VELVET AFFAIRE itin vyri\u0161ki, eleganti\u0161ki ir seksualus kvepalai. Citrus\u0173 ir kardamono natos suteikia gyvybing\u0105 ir ver\u017el\u0173 poj\u016bt\u012f. Jazmin\u0173 ir rozmarin\u0173 esencijas praturtina vetiverio, saman\u0173 ir kedro med\u017eio aromatai, kurie pabr\u0117\u017eia paslapting\u0105 vyri\u0161kum\u0105.<\/p>\n","protected":false},"featured_media":98,"comment_status":"open","ping_status":"closed","template":"","meta":{"_monsterinsights_skip_tracking":false,"_monsterinsights_sitenote_active":false,"_monsterinsights_sitenote_note":"","_monsterinsights_sitenote_category":0},"product_brand":[],"product_cat":[36,26,51,54,42,15,19],"product_tag":[28,27],"class_list":{"0":"post-116","1":"product","2":"type-product","3":"status-publish","4":"has-post-thumbnail","6":"product_cat-aromatiniai","7":"product_cat-eau-de-parfum","8":"product_cat-galutinis-ispardavimas","9":"product_cat-ispardavimas","10":"product_cat-mazas-likutis","11":"product_cat-vardiniai-kvepalai","12":"product_cat-kvepalai-vyrams","13":"product_tag-parfum-kvepalai-vyrams","14":"product_tag-velvet-parfum","16":"first","17":"instock","18":"shipping-taxable","19":"purchasable","20":"product-type-simple"},"yoast_head":"<!-- This site is optimized with the Yoast SEO plugin v27.2 - https:\/\/yoast.com\/product\/yoast-seo-wordpress\/ -->\n<title>VELVET AFFAIRE - saphir.lt<\/title>\n<meta name=\"robots\" content=\"index, follow, max-snippet:-1, max-image-preview:large, max-video-preview:-1\" \/>\n<link rel=\"canonical\" href=\"https:\/\/parfumas.lt\/index.php\/product\/velvet-affaire-100-ml\/\" \/>\n<meta property=\"og:locale\" content=\"lt_LT\" \/>\n<meta property=\"og:type\" content=\"article\" \/>\n<meta property=\"og:title\" content=\"VELVET AFFAIRE - saphir.lt\" \/>\n<meta property=\"og:description\" content=\"Oficialus serialo Velvet kvapas vyrams. \u012ekv\u0117pti 5-tojo de\u0161imtme\u010dio estetikos, glam\u016briniai kvepalai atspindi auk\u0161tosios mados tendencijas.\u00a0VELVET AFFAIRE itin vyri\u0161ki, eleganti\u0161ki ir seksualus kvepalai. Citrus\u0173 ir kardamono natos suteikia gyvybing\u0105 ir ver\u017el\u0173 poj\u016bt\u012f. Jazmin\u0173 ir rozmarin\u0173 esencijas praturtina vetiverio, saman\u0173 ir kedro med\u017eio aromatai, kurie pabr\u0117\u017eia paslapting\u0105 vyri\u0161kum\u0105.\" \/>\n<meta property=\"og:url\" content=\"https:\/\/parfumas.lt\/index.php\/product\/velvet-affaire-100-ml\/\" \/>\n<meta property=\"og:site_name\" content=\"saphir.lt\" \/>\n<meta property=\"article:publisher\" content=\"https:\/\/www.facebook.com\/parfumas.lt\" \/>\n<meta property=\"article:modified_time\" content=\"2025-11-21T10:50:22+00:00\" \/>\n<meta property=\"og:image\" content=\"https:\/\/parfumas.lt\/wp-content\/uploads\/2018\/05\/Velvet-AFFAIRE1.jpg\" \/>\n\t<meta property=\"og:image:width\" content=\"600\" \/>\n\t<meta property=\"og:image:height\" content=\"874\" \/>\n\t<meta property=\"og:image:type\" content=\"image\/jpeg\" \/>\n<meta name=\"twitter:card\" content=\"summary_large_image\" \/>\n<meta name=\"twitter:label1\" content=\"Est. reading time\" \/>\n\t<meta name=\"twitter:data1\" content=\"1 minut\u0117\" \/>\n<script type=\"application\/ld+json\" class=\"yoast-schema-graph\">{\"@context\":\"https:\/\/schema.org\",\"@graph\":[{\"@type\":\"WebPage\",\"@id\":\"https:\/\/parfumas.lt\/index.php\/product\/velvet-affaire-100-ml\/\",\"url\":\"https:\/\/parfumas.lt\/index.php\/product\/velvet-affaire-100-ml\/\",\"name\":\"VELVET AFFAIRE - saphir.lt\",\"isPartOf\":{\"@id\":\"https:\/\/parfumas.lt\/#website\"},\"primaryImageOfPage\":{\"@id\":\"https:\/\/parfumas.lt\/index.php\/product\/velvet-affaire-100-ml\/#primaryimage\"},\"image\":{\"@id\":\"https:\/\/parfumas.lt\/index.php\/product\/velvet-affaire-100-ml\/#primaryimage\"},\"thumbnailUrl\":\"https:\/\/parfumas.lt\/wp-content\/uploads\/2018\/05\/Velvet-AFFAIRE1.jpg\",\"datePublished\":\"2018-05-14T17:31:00+00:00\",\"dateModified\":\"2025-11-21T10:50:22+00:00\",\"breadcrumb\":{\"@id\":\"https:\/\/parfumas.lt\/index.php\/product\/velvet-affaire-100-ml\/#breadcrumb\"},\"inLanguage\":\"lt-LT\",\"potentialAction\":[{\"@type\":\"ReadAction\",\"target\":[\"https:\/\/parfumas.lt\/index.php\/product\/velvet-affaire-100-ml\/\"]}]},{\"@type\":\"ImageObject\",\"inLanguage\":\"lt-LT\",\"@id\":\"https:\/\/parfumas.lt\/index.php\/product\/velvet-affaire-100-ml\/#primaryimage\",\"url\":\"https:\/\/parfumas.lt\/wp-content\/uploads\/2018\/05\/Velvet-AFFAIRE1.jpg\",\"contentUrl\":\"https:\/\/parfumas.lt\/wp-content\/uploads\/2018\/05\/Velvet-AFFAIRE1.jpg\",\"width\":600,\"height\":874},{\"@type\":\"BreadcrumbList\",\"@id\":\"https:\/\/parfumas.lt\/index.php\/product\/velvet-affaire-100-ml\/#breadcrumb\",\"itemListElement\":[{\"@type\":\"ListItem\",\"position\":1,\"name\":\"Home\",\"item\":\"https:\/\/parfumas.lt\/\"},{\"@type\":\"ListItem\",\"position\":2,\"name\":\"el.Parduotuv\u0117\",\"item\":\"https:\/\/parfumas.lt\/index.php\/shop\/\"},{\"@type\":\"ListItem\",\"position\":3,\"name\":\"VELVET AFFAIRE\"}]},{\"@type\":\"WebSite\",\"@id\":\"https:\/\/parfumas.lt\/#website\",\"url\":\"https:\/\/parfumas.lt\/\",\"name\":\"saphir.lt\",\"description\":\"KASDIENINIAI KVEPALAI PO SPORTO, KELION\u0116JE, U\u017d GER\u0104 KAIN\u0104!\",\"potentialAction\":[{\"@type\":\"SearchAction\",\"target\":{\"@type\":\"EntryPoint\",\"urlTemplate\":\"https:\/\/parfumas.lt\/?s={search_term_string}\"},\"query-input\":{\"@type\":\"PropertyValueSpecification\",\"valueRequired\":true,\"valueName\":\"search_term_string\"}}],\"inLanguage\":\"lt-LT\"}]}<\/script>\n<!-- \/ Yoast SEO plugin. -->","yoast_head_json":{"title":"VELVET AFFAIRE - saphir.lt","robots":{"index":"index","follow":"follow","max-snippet":"max-snippet:-1","max-image-preview":"max-image-preview:large","max-video-preview":"max-video-preview:-1"},"canonical":"https:\/\/parfumas.lt\/index.php\/product\/velvet-affaire-100-ml\/","og_locale":"lt_LT","og_type":"article","og_title":"VELVET AFFAIRE - saphir.lt","og_description":"Oficialus serialo Velvet kvapas vyrams. \u012ekv\u0117pti 5-tojo de\u0161imtme\u010dio estetikos, glam\u016briniai kvepalai atspindi auk\u0161tosios mados tendencijas.\u00a0VELVET AFFAIRE itin vyri\u0161ki, eleganti\u0161ki ir seksualus kvepalai. Citrus\u0173 ir kardamono natos suteikia gyvybing\u0105 ir ver\u017el\u0173 poj\u016bt\u012f. Jazmin\u0173 ir rozmarin\u0173 esencijas praturtina vetiverio, saman\u0173 ir kedro med\u017eio aromatai, kurie pabr\u0117\u017eia paslapting\u0105 vyri\u0161kum\u0105.","og_url":"https:\/\/parfumas.lt\/index.php\/product\/velvet-affaire-100-ml\/","og_site_name":"saphir.lt","article_publisher":"https:\/\/www.facebook.com\/parfumas.lt","article_modified_time":"2025-11-21T10:50:22+00:00","og_image":[{"width":600,"height":874,"url":"https:\/\/parfumas.lt\/wp-content\/uploads\/2018\/05\/Velvet-AFFAIRE1.jpg","type":"image\/jpeg"}],"twitter_card":"summary_large_image","twitter_misc":{"Est. reading time":"1 minut\u0117"},"schema":{"@context":"https:\/\/schema.org","@graph":[{"@type":"WebPage","@id":"https:\/\/parfumas.lt\/index.php\/product\/velvet-affaire-100-ml\/","url":"https:\/\/parfumas.lt\/index.php\/product\/velvet-affaire-100-ml\/","name":"VELVET AFFAIRE - saphir.lt","isPartOf":{"@id":"https:\/\/parfumas.lt\/#website"},"primaryImageOfPage":{"@id":"https:\/\/parfumas.lt\/index.php\/product\/velvet-affaire-100-ml\/#primaryimage"},"image":{"@id":"https:\/\/parfumas.lt\/index.php\/product\/velvet-affaire-100-ml\/#primaryimage"},"thumbnailUrl":"https:\/\/parfumas.lt\/wp-content\/uploads\/2018\/05\/Velvet-AFFAIRE1.jpg","datePublished":"2018-05-14T17:31:00+00:00","dateModified":"2025-11-21T10:50:22+00:00","breadcrumb":{"@id":"https:\/\/parfumas.lt\/index.php\/product\/velvet-affaire-100-ml\/#breadcrumb"},"inLanguage":"lt-LT","potentialAction":[{"@type":"ReadAction","target":["https:\/\/parfumas.lt\/index.php\/product\/velvet-affaire-100-ml\/"]}]},{"@type":"ImageObject","inLanguage":"lt-LT","@id":"https:\/\/parfumas.lt\/index.php\/product\/velvet-affaire-100-ml\/#primaryimage","url":"https:\/\/parfumas.lt\/wp-content\/uploads\/2018\/05\/Velvet-AFFAIRE1.jpg","contentUrl":"https:\/\/parfumas.lt\/wp-content\/uploads\/2018\/05\/Velvet-AFFAIRE1.jpg","width":600,"height":874},{"@type":"BreadcrumbList","@id":"https:\/\/parfumas.lt\/index.php\/product\/velvet-affaire-100-ml\/#breadcrumb","itemListElement":[{"@type":"ListItem","position":1,"name":"Home","item":"https:\/\/parfumas.lt\/"},{"@type":"ListItem","position":2,"name":"el.Parduotuv\u0117","item":"https:\/\/parfumas.lt\/index.php\/shop\/"},{"@type":"ListItem","position":3,"name":"VELVET AFFAIRE"}]},{"@type":"WebSite","@id":"https:\/\/parfumas.lt\/#website","url":"https:\/\/parfumas.lt\/","name":"saphir.lt","description":"KASDIENINIAI KVEPALAI PO SPORTO, KELION\u0116JE, U\u017d GER\u0104 KAIN\u0104!","potentialAction":[{"@type":"SearchAction","target":{"@type":"EntryPoint","urlTemplate":"https:\/\/parfumas.lt\/?s={search_term_string}"},"query-input":{"@type":"PropertyValueSpecification","valueRequired":true,"valueName":"search_term_string"}}],"inLanguage":"lt-LT"}]}},"_links":{"self":[{"href":"https:\/\/parfumas.lt\/index.php\/wp-json\/wp\/v2\/product\/116","targetHints":{"allow":["GET"]}}],"collection":[{"href":"https:\/\/parfumas.lt\/index.php\/wp-json\/wp\/v2\/product"}],"about":[{"href":"https:\/\/parfumas.lt\/index.php\/wp-json\/wp\/v2\/types\/product"}],"replies":[{"embeddable":true,"href":"https:\/\/parfumas.lt\/index.php\/wp-json\/wp\/v2\/comments?post=116"}],"wp:featuredmedia":[{"embeddable":true,"href":"https:\/\/parfumas.lt\/index.php\/wp-json\/wp\/v2\/media\/98"}],"wp:attachment":[{"href":"https:\/\/parfumas.lt\/index.php\/wp-json\/wp\/v2\/media?parent=116"}],"wp:term":[{"taxonomy":"product_brand","embeddable":true,"href":"https:\/\/parfumas.lt\/index.php\/wp-json\/wp\/v2\/product_brand?post=116"},{"taxonomy":"product_cat","embeddable":true,"href":"https:\/\/parfumas.lt\/index.php\/wp-json\/wp\/v2\/product_cat?post=116"},{"taxonomy":"product_tag","embeddable":true,"href":"https:\/\/parfumas.lt\/index.php\/wp-json\/wp\/v2\/product_tag?post=116"}],"curies":[{"name":"wp","href":"https:\/\/api.w.org\/{rel}","templated":true}]}}