{"id":118,"date":"2018-05-14T17:40:01","date_gmt":"2018-05-14T17:40:01","guid":{"rendered":"http:\/\/parfumas.lt\/?post_type=product&#038;p=118"},"modified":"2025-11-21T10:49:23","modified_gmt":"2025-11-21T10:49:23","slug":"lady-velvet-75ml","status":"publish","type":"product","link":"https:\/\/parfumas.lt\/index.php\/product\/lady-velvet-75ml\/","title":{"rendered":"Lady VELVET"},"content":{"rendered":"<p style=\"text-align: left;\">Saphir &#8211; Lady VELVET &#8211; Pour Femme &#8211; Eau de Parfum &#8211; moterims (75 ml)<\/p>\n<p style=\"text-align: left;\">Vir\u0161utin\u0117s (galvos) natos: hesperidia, citrusai, vaisiai<\/p>\n<p style=\"text-align: left;\">Vidurin\u0117s (\u0161irdies) natos: jazminai, pakalnut\u0117s, irisai<\/p>\n<p style=\"text-align: left;\">Bazin\u0117s (baigiamosios) natos: kedras, gintaras, vanil\u0117<\/p>\n<p><strong><img loading=\"lazy\" decoding=\"async\" class=\"alignnone size-full wp-image-78\" src=\"http:\/\/parfumas.lt\/wp-content\/uploads\/2018\/05\/Geliu.jpg\" alt=\"\" width=\"72\" height=\"72\" \/>\u00a0 \u00a0<\/strong><strong>G\u0116LI\u0172 \u0161eima<\/strong><\/p>\n<p>Nat\u016brali\u0173 gamtos g\u0117li\u0173 derinys su kitais \u012fkvepian\u010diais elementais teikia plat\u0173 g\u0117li\u0173 kvepal\u0173 akord\u0173 \u012fvairov\u0119.<\/p>\n","protected":false},"excerpt":{"rendered":"<p style=\"text-align: left;\">G\u0116LI\u0172 \u0161eima \/ G\u0116LI\u0172 por\u016b\u0161is<\/p>\n<p style=\"text-align: left;\">Oficial\u016bs televizijos serijalo &#8222;Velvet&#8221; kvepalai moterims.<\/p>\n<p style=\"text-align: left;\">Sukurti kvepal\u0173 prek\u0117s \u017eenklo &#8222;Saphir Parfums&#8221;. \u0160is aromatas perkelia \u012f 50-\u0173j\u0173 auk\u0161tosios mados pasaul\u012f. Sald\u016bs, bet tuo pa\u010diu metu gaiv\u016bs, eleganti\u0161ki kvepalai su daug asmenyb\u0117s.<\/p>\n","protected":false},"featured_media":36,"comment_status":"open","ping_status":"closed","template":"","meta":{"_monsterinsights_skip_tracking":false,"_monsterinsights_sitenote_active":false,"_monsterinsights_sitenote_note":"","_monsterinsights_sitenote_category":0},"product_brand":[],"product_cat":[26,38,54,42,18,15],"product_tag":[29,27],"class_list":{"0":"post-118","1":"product","2":"type-product","3":"status-publish","4":"has-post-thumbnail","6":"product_cat-eau-de-parfum","7":"product_cat-geliu","8":"product_cat-ispardavimas","9":"product_cat-mazas-likutis","10":"product_cat-kvepalai-moterims","11":"product_cat-vardiniai-kvepalai","12":"product_tag-parfum-kvepalai-moterims","13":"product_tag-velvet-parfum","15":"first","16":"instock","17":"shipping-taxable","18":"purchasable","19":"product-type-simple"},"yoast_head":"<!-- This site is optimized with the Yoast SEO plugin v27.2 - https:\/\/yoast.com\/product\/yoast-seo-wordpress\/ -->\n<title>Lady VELVET - saphir.lt<\/title>\n<meta name=\"robots\" content=\"index, follow, max-snippet:-1, max-image-preview:large, max-video-preview:-1\" \/>\n<link rel=\"canonical\" href=\"https:\/\/parfumas.lt\/index.php\/product\/lady-velvet-75ml\/\" \/>\n<meta property=\"og:locale\" content=\"lt_LT\" \/>\n<meta property=\"og:type\" content=\"article\" \/>\n<meta property=\"og:title\" content=\"Lady VELVET - saphir.lt\" \/>\n<meta property=\"og:description\" content=\"G\u0116LI\u0172 \u0161eima \/ G\u0116LI\u0172 por\u016b\u0161is Oficial\u016bs televizijos serijalo &quot;Velvet&quot; kvepalai moterims. Sukurti kvepal\u0173 prek\u0117s \u017eenklo &quot;Saphir Parfums&quot;. \u0160is aromatas perkelia \u012f 50-\u0173j\u0173 auk\u0161tosios mados pasaul\u012f. Sald\u016bs, bet tuo pa\u010diu metu gaiv\u016bs, eleganti\u0161ki kvepalai su daug asmenyb\u0117s.\" \/>\n<meta property=\"og:url\" content=\"https:\/\/parfumas.lt\/index.php\/product\/lady-velvet-75ml\/\" \/>\n<meta property=\"og:site_name\" content=\"saphir.lt\" \/>\n<meta property=\"article:publisher\" content=\"https:\/\/www.facebook.com\/parfumas.lt\" \/>\n<meta property=\"article:modified_time\" content=\"2025-11-21T10:49:23+00:00\" \/>\n<meta property=\"og:image\" content=\"https:\/\/parfumas.lt\/wp-content\/uploads\/2018\/04\/Lady-VELVET.jpg\" \/>\n\t<meta property=\"og:image:width\" content=\"649\" \/>\n\t<meta property=\"og:image:height\" content=\"700\" \/>\n\t<meta property=\"og:image:type\" content=\"image\/jpeg\" \/>\n<meta name=\"twitter:card\" content=\"summary_large_image\" \/>\n<meta name=\"twitter:label1\" content=\"Est. reading time\" \/>\n\t<meta name=\"twitter:data1\" content=\"1 minut\u0117\" \/>\n<script type=\"application\/ld+json\" class=\"yoast-schema-graph\">{\"@context\":\"https:\/\/schema.org\",\"@graph\":[{\"@type\":\"WebPage\",\"@id\":\"https:\/\/parfumas.lt\/index.php\/product\/lady-velvet-75ml\/\",\"url\":\"https:\/\/parfumas.lt\/index.php\/product\/lady-velvet-75ml\/\",\"name\":\"Lady VELVET - saphir.lt\",\"isPartOf\":{\"@id\":\"https:\/\/parfumas.lt\/#website\"},\"primaryImageOfPage\":{\"@id\":\"https:\/\/parfumas.lt\/index.php\/product\/lady-velvet-75ml\/#primaryimage\"},\"image\":{\"@id\":\"https:\/\/parfumas.lt\/index.php\/product\/lady-velvet-75ml\/#primaryimage\"},\"thumbnailUrl\":\"https:\/\/parfumas.lt\/wp-content\/uploads\/2018\/04\/Lady-VELVET.jpg\",\"datePublished\":\"2018-05-14T17:40:01+00:00\",\"dateModified\":\"2025-11-21T10:49:23+00:00\",\"breadcrumb\":{\"@id\":\"https:\/\/parfumas.lt\/index.php\/product\/lady-velvet-75ml\/#breadcrumb\"},\"inLanguage\":\"lt-LT\",\"potentialAction\":[{\"@type\":\"ReadAction\",\"target\":[\"https:\/\/parfumas.lt\/index.php\/product\/lady-velvet-75ml\/\"]}]},{\"@type\":\"ImageObject\",\"inLanguage\":\"lt-LT\",\"@id\":\"https:\/\/parfumas.lt\/index.php\/product\/lady-velvet-75ml\/#primaryimage\",\"url\":\"https:\/\/parfumas.lt\/wp-content\/uploads\/2018\/04\/Lady-VELVET.jpg\",\"contentUrl\":\"https:\/\/parfumas.lt\/wp-content\/uploads\/2018\/04\/Lady-VELVET.jpg\",\"width\":649,\"height\":700},{\"@type\":\"BreadcrumbList\",\"@id\":\"https:\/\/parfumas.lt\/index.php\/product\/lady-velvet-75ml\/#breadcrumb\",\"itemListElement\":[{\"@type\":\"ListItem\",\"position\":1,\"name\":\"Home\",\"item\":\"https:\/\/parfumas.lt\/\"},{\"@type\":\"ListItem\",\"position\":2,\"name\":\"el.Parduotuv\u0117\",\"item\":\"https:\/\/parfumas.lt\/index.php\/shop\/\"},{\"@type\":\"ListItem\",\"position\":3,\"name\":\"Lady VELVET\"}]},{\"@type\":\"WebSite\",\"@id\":\"https:\/\/parfumas.lt\/#website\",\"url\":\"https:\/\/parfumas.lt\/\",\"name\":\"saphir.lt\",\"description\":\"KASDIENINIAI KVEPALAI PO SPORTO, KELION\u0116JE, U\u017d GER\u0104 KAIN\u0104!\",\"potentialAction\":[{\"@type\":\"SearchAction\",\"target\":{\"@type\":\"EntryPoint\",\"urlTemplate\":\"https:\/\/parfumas.lt\/?s={search_term_string}\"},\"query-input\":{\"@type\":\"PropertyValueSpecification\",\"valueRequired\":true,\"valueName\":\"search_term_string\"}}],\"inLanguage\":\"lt-LT\"}]}<\/script>\n<!-- \/ Yoast SEO plugin. -->","yoast_head_json":{"title":"Lady VELVET - saphir.lt","robots":{"index":"index","follow":"follow","max-snippet":"max-snippet:-1","max-image-preview":"max-image-preview:large","max-video-preview":"max-video-preview:-1"},"canonical":"https:\/\/parfumas.lt\/index.php\/product\/lady-velvet-75ml\/","og_locale":"lt_LT","og_type":"article","og_title":"Lady VELVET - saphir.lt","og_description":"G\u0116LI\u0172 \u0161eima \/ G\u0116LI\u0172 por\u016b\u0161is Oficial\u016bs televizijos serijalo \"Velvet\" kvepalai moterims. Sukurti kvepal\u0173 prek\u0117s \u017eenklo \"Saphir Parfums\". \u0160is aromatas perkelia \u012f 50-\u0173j\u0173 auk\u0161tosios mados pasaul\u012f. Sald\u016bs, bet tuo pa\u010diu metu gaiv\u016bs, eleganti\u0161ki kvepalai su daug asmenyb\u0117s.","og_url":"https:\/\/parfumas.lt\/index.php\/product\/lady-velvet-75ml\/","og_site_name":"saphir.lt","article_publisher":"https:\/\/www.facebook.com\/parfumas.lt","article_modified_time":"2025-11-21T10:49:23+00:00","og_image":[{"width":649,"height":700,"url":"https:\/\/parfumas.lt\/wp-content\/uploads\/2018\/04\/Lady-VELVET.jpg","type":"image\/jpeg"}],"twitter_card":"summary_large_image","twitter_misc":{"Est. reading time":"1 minut\u0117"},"schema":{"@context":"https:\/\/schema.org","@graph":[{"@type":"WebPage","@id":"https:\/\/parfumas.lt\/index.php\/product\/lady-velvet-75ml\/","url":"https:\/\/parfumas.lt\/index.php\/product\/lady-velvet-75ml\/","name":"Lady VELVET - saphir.lt","isPartOf":{"@id":"https:\/\/parfumas.lt\/#website"},"primaryImageOfPage":{"@id":"https:\/\/parfumas.lt\/index.php\/product\/lady-velvet-75ml\/#primaryimage"},"image":{"@id":"https:\/\/parfumas.lt\/index.php\/product\/lady-velvet-75ml\/#primaryimage"},"thumbnailUrl":"https:\/\/parfumas.lt\/wp-content\/uploads\/2018\/04\/Lady-VELVET.jpg","datePublished":"2018-05-14T17:40:01+00:00","dateModified":"2025-11-21T10:49:23+00:00","breadcrumb":{"@id":"https:\/\/parfumas.lt\/index.php\/product\/lady-velvet-75ml\/#breadcrumb"},"inLanguage":"lt-LT","potentialAction":[{"@type":"ReadAction","target":["https:\/\/parfumas.lt\/index.php\/product\/lady-velvet-75ml\/"]}]},{"@type":"ImageObject","inLanguage":"lt-LT","@id":"https:\/\/parfumas.lt\/index.php\/product\/lady-velvet-75ml\/#primaryimage","url":"https:\/\/parfumas.lt\/wp-content\/uploads\/2018\/04\/Lady-VELVET.jpg","contentUrl":"https:\/\/parfumas.lt\/wp-content\/uploads\/2018\/04\/Lady-VELVET.jpg","width":649,"height":700},{"@type":"BreadcrumbList","@id":"https:\/\/parfumas.lt\/index.php\/product\/lady-velvet-75ml\/#breadcrumb","itemListElement":[{"@type":"ListItem","position":1,"name":"Home","item":"https:\/\/parfumas.lt\/"},{"@type":"ListItem","position":2,"name":"el.Parduotuv\u0117","item":"https:\/\/parfumas.lt\/index.php\/shop\/"},{"@type":"ListItem","position":3,"name":"Lady VELVET"}]},{"@type":"WebSite","@id":"https:\/\/parfumas.lt\/#website","url":"https:\/\/parfumas.lt\/","name":"saphir.lt","description":"KASDIENINIAI KVEPALAI PO SPORTO, KELION\u0116JE, U\u017d GER\u0104 KAIN\u0104!","potentialAction":[{"@type":"SearchAction","target":{"@type":"EntryPoint","urlTemplate":"https:\/\/parfumas.lt\/?s={search_term_string}"},"query-input":{"@type":"PropertyValueSpecification","valueRequired":true,"valueName":"search_term_string"}}],"inLanguage":"lt-LT"}]}},"_links":{"self":[{"href":"https:\/\/parfumas.lt\/index.php\/wp-json\/wp\/v2\/product\/118","targetHints":{"allow":["GET"]}}],"collection":[{"href":"https:\/\/parfumas.lt\/index.php\/wp-json\/wp\/v2\/product"}],"about":[{"href":"https:\/\/parfumas.lt\/index.php\/wp-json\/wp\/v2\/types\/product"}],"replies":[{"embeddable":true,"href":"https:\/\/parfumas.lt\/index.php\/wp-json\/wp\/v2\/comments?post=118"}],"wp:featuredmedia":[{"embeddable":true,"href":"https:\/\/parfumas.lt\/index.php\/wp-json\/wp\/v2\/media\/36"}],"wp:attachment":[{"href":"https:\/\/parfumas.lt\/index.php\/wp-json\/wp\/v2\/media?parent=118"}],"wp:term":[{"taxonomy":"product_brand","embeddable":true,"href":"https:\/\/parfumas.lt\/index.php\/wp-json\/wp\/v2\/product_brand?post=118"},{"taxonomy":"product_cat","embeddable":true,"href":"https:\/\/parfumas.lt\/index.php\/wp-json\/wp\/v2\/product_cat?post=118"},{"taxonomy":"product_tag","embeddable":true,"href":"https:\/\/parfumas.lt\/index.php\/wp-json\/wp\/v2\/product_tag?post=118"}],"curies":[{"name":"wp","href":"https:\/\/api.w.org\/{rel}","templated":true}]}}