{"id":126,"date":"2018-05-14T18:04:35","date_gmt":"2018-05-14T18:04:35","guid":{"rendered":"http:\/\/parfumas.lt\/?post_type=product&#038;p=126"},"modified":"2026-02-07T20:18:48","modified_gmt":"2026-02-07T20:18:48","slug":"cool-de-saphir","status":"publish","type":"product","link":"https:\/\/parfumas.lt\/index.php\/product\/cool-de-saphir\/","title":{"rendered":"Cool De Saphir"},"content":{"rendered":"<p>Cool de Saphir &#8211; intensyvi, subtili aromat\u0173 kompozicija sukurta moterims. Kvap\u0173\u00a0 baz\u0117 apjuos \u0161velniu, \u0161iltu ir seksualiu fonu.<\/p>\n<p><img loading=\"lazy\" decoding=\"async\" class=\"alignnone size-medium wp-image-500\" src=\"https:\/\/parfumas.lt\/wp-content\/uploads\/2018\/05\/cool-300x165.jpg\" alt=\"\" width=\"300\" height=\"165\" srcset=\"https:\/\/parfumas.lt\/wp-content\/uploads\/2018\/05\/cool-300x165.jpg 300w, https:\/\/parfumas.lt\/wp-content\/uploads\/2018\/05\/cool-600x329.jpg 600w, https:\/\/parfumas.lt\/wp-content\/uploads\/2018\/05\/cool-768x422.jpg 768w, https:\/\/parfumas.lt\/wp-content\/uploads\/2018\/05\/cool.jpg 825w\" sizes=\"auto, (max-width: 300px) 100vw, 300px\" \/><\/p>\n<p>ALCOHOL DENAT, PARFUM (FRAGRANCE), AQUA (WATER), ETHYLHEXYL METHOXYCINNAMATE, BUTYL METHOXYDIBENZOYLMETHANE, ETHYLHEXYL SALICYLATE, BENZOPHENONE-1, BHT, BENZYL ALCOHOL, BENZYL BENZOATE, BENZYL SALICYLATE, CITRONELLOL, COUMARIN, GERANIOL, HYDROXYCITRONELLAL, LIMONENE, LINALOOL \u00b1 [ C.I. 16035, C.I. 19140, C.I. 15985, C.I. 42090, C.I. 60730]<\/p>\n<p>&nbsp;<\/p>\n","protected":false},"excerpt":{"rendered":"<p>Saphir &#8211; Cool De Saphir &#8211; Pour Femme &#8211; Eau de Parfum &#8211; moterims\u00a0 (50 ml)<\/p>\n<p style=\"line-height: 15.0pt; margin: 7.5pt 0cm 7.5pt 0cm;\"><span style=\"font-size: 10.0pt; font-family: 'Arial',sans-serif; color: #212121;\">&#8211; Vir\u0161utin\u0117s natos: migdolai, kava;<br \/>\n&#8211; Vidurin\u0117s natos: jazminas;<br \/>\n&#8211; Pagrindin\u0117s natos: tonka pupel\u0117s, kakava.<\/span><\/p>\n<p><strong><img loading=\"lazy\" decoding=\"async\" class=\"alignnone size-full wp-image-89\" src=\"http:\/\/parfumas.lt\/wp-content\/uploads\/2018\/05\/rytietiska.jpg\" alt=\"\" width=\"72\" height=\"72\" \/>\u00a0 \u00a0RYTIETI\u0160KA \u0161eima<\/strong><\/p>\n<p>\u0160i\u0105 koncepcij\u0105 apib\u016bdina paslaptingos esencijos i\u0161 Ryt\u0173, kur sald\u016bs, balzamiko, a\u0161tri\u0173 prieskoni\u0173 ir ambros\/gintaro akordai kontrastuoja su citrusini\u0173, \u0161vie\u017ei\u0173, \u017ealumyn\u0173 ar vaisi\u0173 \u017eemutin\u0117mis natomis.<\/p>\n","protected":false},"featured_media":502,"comment_status":"open","ping_status":"closed","template":"","meta":{"_monsterinsights_skip_tracking":false,"_monsterinsights_sitenote_active":false,"_monsterinsights_sitenote_note":"","_monsterinsights_sitenote_category":0},"product_brand":[],"product_cat":[26,54,18,43,40],"product_tag":[50,29,53],"class_list":{"0":"post-126","1":"product","2":"type-product","3":"status-publish","4":"has-post-thumbnail","6":"product_cat-eau-de-parfum","7":"product_cat-ispardavimas","8":"product_cat-kvepalai-moterims","9":"product_cat-populiarus","10":"product_cat-rytietiski-medienos","11":"product_tag-akcija","12":"product_tag-parfum-kvepalai-moterims","13":"product_tag-populiarus","15":"first","16":"instock","17":"sale","18":"shipping-taxable","19":"purchasable","20":"product-type-variable"},"yoast_head":"<!-- This site is optimized with the Yoast SEO plugin v27.2 - https:\/\/yoast.com\/product\/yoast-seo-wordpress\/ -->\n<title>Cool De Saphir - saphir.lt<\/title>\n<meta name=\"description\" content=\"parfumas.lt, saphir, kvepalai, parfum, gera kaina\" \/>\n<meta name=\"robots\" content=\"index, follow, max-snippet:-1, max-image-preview:large, max-video-preview:-1\" \/>\n<link rel=\"canonical\" href=\"https:\/\/parfumas.lt\/index.php\/product\/cool-de-saphir\/\" \/>\n<meta property=\"og:locale\" content=\"lt_LT\" \/>\n<meta property=\"og:type\" content=\"article\" \/>\n<meta property=\"og:title\" content=\"Cool De Saphir - saphir.lt\" \/>\n<meta property=\"og:description\" content=\"parfumas.lt, saphir, kvepalai, parfum, gera kaina\" \/>\n<meta property=\"og:url\" content=\"https:\/\/parfumas.lt\/index.php\/product\/cool-de-saphir\/\" \/>\n<meta property=\"og:site_name\" content=\"saphir.lt\" \/>\n<meta property=\"article:publisher\" content=\"https:\/\/www.facebook.com\/parfumas.lt\" \/>\n<meta property=\"article:modified_time\" content=\"2026-02-07T20:18:48+00:00\" \/>\n<meta property=\"og:image\" content=\"https:\/\/parfumas.lt\/wp-content\/uploads\/2018\/05\/cool-de-saphir.jpg\" \/>\n\t<meta property=\"og:image:width\" content=\"568\" \/>\n\t<meta property=\"og:image:height\" content=\"649\" \/>\n\t<meta property=\"og:image:type\" content=\"image\/jpeg\" \/>\n<meta name=\"twitter:card\" content=\"summary_large_image\" \/>\n<meta name=\"twitter:label1\" content=\"Est. reading time\" \/>\n\t<meta name=\"twitter:data1\" content=\"1 minut\u0117\" \/>\n<script type=\"application\/ld+json\" class=\"yoast-schema-graph\">{\"@context\":\"https:\/\/schema.org\",\"@graph\":[{\"@type\":\"WebPage\",\"@id\":\"https:\/\/parfumas.lt\/index.php\/product\/cool-de-saphir\/\",\"url\":\"https:\/\/parfumas.lt\/index.php\/product\/cool-de-saphir\/\",\"name\":\"Cool De Saphir - saphir.lt\",\"isPartOf\":{\"@id\":\"https:\/\/parfumas.lt\/#website\"},\"primaryImageOfPage\":{\"@id\":\"https:\/\/parfumas.lt\/index.php\/product\/cool-de-saphir\/#primaryimage\"},\"image\":{\"@id\":\"https:\/\/parfumas.lt\/index.php\/product\/cool-de-saphir\/#primaryimage\"},\"thumbnailUrl\":\"https:\/\/parfumas.lt\/wp-content\/uploads\/2018\/05\/cool-de-saphir.jpg\",\"datePublished\":\"2018-05-14T18:04:35+00:00\",\"dateModified\":\"2026-02-07T20:18:48+00:00\",\"description\":\"parfumas.lt, saphir, kvepalai, parfum, gera kaina\",\"breadcrumb\":{\"@id\":\"https:\/\/parfumas.lt\/index.php\/product\/cool-de-saphir\/#breadcrumb\"},\"inLanguage\":\"lt-LT\",\"potentialAction\":[{\"@type\":\"ReadAction\",\"target\":[\"https:\/\/parfumas.lt\/index.php\/product\/cool-de-saphir\/\"]}]},{\"@type\":\"ImageObject\",\"inLanguage\":\"lt-LT\",\"@id\":\"https:\/\/parfumas.lt\/index.php\/product\/cool-de-saphir\/#primaryimage\",\"url\":\"https:\/\/parfumas.lt\/wp-content\/uploads\/2018\/05\/cool-de-saphir.jpg\",\"contentUrl\":\"https:\/\/parfumas.lt\/wp-content\/uploads\/2018\/05\/cool-de-saphir.jpg\",\"width\":568,\"height\":649},{\"@type\":\"BreadcrumbList\",\"@id\":\"https:\/\/parfumas.lt\/index.php\/product\/cool-de-saphir\/#breadcrumb\",\"itemListElement\":[{\"@type\":\"ListItem\",\"position\":1,\"name\":\"Home\",\"item\":\"https:\/\/parfumas.lt\/\"},{\"@type\":\"ListItem\",\"position\":2,\"name\":\"el.Parduotuv\u0117\",\"item\":\"https:\/\/parfumas.lt\/index.php\/shop\/\"},{\"@type\":\"ListItem\",\"position\":3,\"name\":\"Cool De Saphir\"}]},{\"@type\":\"WebSite\",\"@id\":\"https:\/\/parfumas.lt\/#website\",\"url\":\"https:\/\/parfumas.lt\/\",\"name\":\"saphir.lt\",\"description\":\"KASDIENINIAI KVEPALAI PO SPORTO, KELION\u0116JE, U\u017d GER\u0104 KAIN\u0104!\",\"potentialAction\":[{\"@type\":\"SearchAction\",\"target\":{\"@type\":\"EntryPoint\",\"urlTemplate\":\"https:\/\/parfumas.lt\/?s={search_term_string}\"},\"query-input\":{\"@type\":\"PropertyValueSpecification\",\"valueRequired\":true,\"valueName\":\"search_term_string\"}}],\"inLanguage\":\"lt-LT\"}]}<\/script>\n<!-- \/ Yoast SEO plugin. -->","yoast_head_json":{"title":"Cool De Saphir - saphir.lt","description":"parfumas.lt, saphir, kvepalai, parfum, gera kaina","robots":{"index":"index","follow":"follow","max-snippet":"max-snippet:-1","max-image-preview":"max-image-preview:large","max-video-preview":"max-video-preview:-1"},"canonical":"https:\/\/parfumas.lt\/index.php\/product\/cool-de-saphir\/","og_locale":"lt_LT","og_type":"article","og_title":"Cool De Saphir - saphir.lt","og_description":"parfumas.lt, saphir, kvepalai, parfum, gera kaina","og_url":"https:\/\/parfumas.lt\/index.php\/product\/cool-de-saphir\/","og_site_name":"saphir.lt","article_publisher":"https:\/\/www.facebook.com\/parfumas.lt","article_modified_time":"2026-02-07T20:18:48+00:00","og_image":[{"width":568,"height":649,"url":"https:\/\/parfumas.lt\/wp-content\/uploads\/2018\/05\/cool-de-saphir.jpg","type":"image\/jpeg"}],"twitter_card":"summary_large_image","twitter_misc":{"Est. reading time":"1 minut\u0117"},"schema":{"@context":"https:\/\/schema.org","@graph":[{"@type":"WebPage","@id":"https:\/\/parfumas.lt\/index.php\/product\/cool-de-saphir\/","url":"https:\/\/parfumas.lt\/index.php\/product\/cool-de-saphir\/","name":"Cool De Saphir - saphir.lt","isPartOf":{"@id":"https:\/\/parfumas.lt\/#website"},"primaryImageOfPage":{"@id":"https:\/\/parfumas.lt\/index.php\/product\/cool-de-saphir\/#primaryimage"},"image":{"@id":"https:\/\/parfumas.lt\/index.php\/product\/cool-de-saphir\/#primaryimage"},"thumbnailUrl":"https:\/\/parfumas.lt\/wp-content\/uploads\/2018\/05\/cool-de-saphir.jpg","datePublished":"2018-05-14T18:04:35+00:00","dateModified":"2026-02-07T20:18:48+00:00","description":"parfumas.lt, saphir, kvepalai, parfum, gera kaina","breadcrumb":{"@id":"https:\/\/parfumas.lt\/index.php\/product\/cool-de-saphir\/#breadcrumb"},"inLanguage":"lt-LT","potentialAction":[{"@type":"ReadAction","target":["https:\/\/parfumas.lt\/index.php\/product\/cool-de-saphir\/"]}]},{"@type":"ImageObject","inLanguage":"lt-LT","@id":"https:\/\/parfumas.lt\/index.php\/product\/cool-de-saphir\/#primaryimage","url":"https:\/\/parfumas.lt\/wp-content\/uploads\/2018\/05\/cool-de-saphir.jpg","contentUrl":"https:\/\/parfumas.lt\/wp-content\/uploads\/2018\/05\/cool-de-saphir.jpg","width":568,"height":649},{"@type":"BreadcrumbList","@id":"https:\/\/parfumas.lt\/index.php\/product\/cool-de-saphir\/#breadcrumb","itemListElement":[{"@type":"ListItem","position":1,"name":"Home","item":"https:\/\/parfumas.lt\/"},{"@type":"ListItem","position":2,"name":"el.Parduotuv\u0117","item":"https:\/\/parfumas.lt\/index.php\/shop\/"},{"@type":"ListItem","position":3,"name":"Cool De Saphir"}]},{"@type":"WebSite","@id":"https:\/\/parfumas.lt\/#website","url":"https:\/\/parfumas.lt\/","name":"saphir.lt","description":"KASDIENINIAI KVEPALAI PO SPORTO, KELION\u0116JE, U\u017d GER\u0104 KAIN\u0104!","potentialAction":[{"@type":"SearchAction","target":{"@type":"EntryPoint","urlTemplate":"https:\/\/parfumas.lt\/?s={search_term_string}"},"query-input":{"@type":"PropertyValueSpecification","valueRequired":true,"valueName":"search_term_string"}}],"inLanguage":"lt-LT"}]}},"_links":{"self":[{"href":"https:\/\/parfumas.lt\/index.php\/wp-json\/wp\/v2\/product\/126","targetHints":{"allow":["GET"]}}],"collection":[{"href":"https:\/\/parfumas.lt\/index.php\/wp-json\/wp\/v2\/product"}],"about":[{"href":"https:\/\/parfumas.lt\/index.php\/wp-json\/wp\/v2\/types\/product"}],"replies":[{"embeddable":true,"href":"https:\/\/parfumas.lt\/index.php\/wp-json\/wp\/v2\/comments?post=126"}],"wp:featuredmedia":[{"embeddable":true,"href":"https:\/\/parfumas.lt\/index.php\/wp-json\/wp\/v2\/media\/502"}],"wp:attachment":[{"href":"https:\/\/parfumas.lt\/index.php\/wp-json\/wp\/v2\/media?parent=126"}],"wp:term":[{"taxonomy":"product_brand","embeddable":true,"href":"https:\/\/parfumas.lt\/index.php\/wp-json\/wp\/v2\/product_brand?post=126"},{"taxonomy":"product_cat","embeddable":true,"href":"https:\/\/parfumas.lt\/index.php\/wp-json\/wp\/v2\/product_cat?post=126"},{"taxonomy":"product_tag","embeddable":true,"href":"https:\/\/parfumas.lt\/index.php\/wp-json\/wp\/v2\/product_tag?post=126"}],"curies":[{"name":"wp","href":"https:\/\/api.w.org\/{rel}","templated":true}]}}