{"id":415,"date":"2018-11-05T21:21:38","date_gmt":"2018-11-05T21:21:38","guid":{"rendered":"https:\/\/parfumas.lt\/?post_type=product&#038;p=415"},"modified":"2025-11-21T10:34:33","modified_gmt":"2025-11-21T10:34:33","slug":"rubi-50ml","status":"publish","type":"product","link":"https:\/\/parfumas.lt\/index.php\/product\/rubi-50ml\/","title":{"rendered":"Rubi"},"content":{"rendered":"<p>Lengvi ir gaiv\u016bs kvepalai turintys galing\u0105 prabangos u\u017etais\u0105.<\/p>\n<p><img loading=\"lazy\" decoding=\"async\" class=\"alignnone size-medium wp-image-713\" src=\"https:\/\/parfumas.lt\/wp-content\/uploads\/2018\/11\/rubi-de-paris-kvepalai-parfumas-300x170.jpg\" alt=\"\" width=\"300\" height=\"170\" srcset=\"https:\/\/parfumas.lt\/wp-content\/uploads\/2018\/11\/rubi-de-paris-kvepalai-parfumas-300x170.jpg 300w, https:\/\/parfumas.lt\/wp-content\/uploads\/2018\/11\/rubi-de-paris-kvepalai-parfumas-600x340.jpg 600w, https:\/\/parfumas.lt\/wp-content\/uploads\/2018\/11\/rubi-de-paris-kvepalai-parfumas-768x436.jpg 768w, https:\/\/parfumas.lt\/wp-content\/uploads\/2018\/11\/rubi-de-paris-kvepalai-parfumas.jpg 1015w\" sizes=\"auto, (max-width: 300px) 100vw, 300px\" \/><\/p>\n<p>ALKOHOLIS DENAT, PARFUM (FRAGRANCE), vandens (vanduo), etilheksil Methoxycinnamate, BUTIL- metoksidibenzoilmetano, etilheksilsalicilatas, benzofenono-1, BHT, linalol\u012f, limoneno, alfa-Isomethyl ionone, benzilo salicilatas, kumarinas, cinnamal, eugenolio, geraniolio, heksilo cinnamal , CITRALAS, BENZILBENOLATAS, HIDROXICITRONELLALAS, FARNESOLIS, BENZILALKOHOLIS \u00b1 [CI 19140, CI 15985].<\/p>\n<p>&nbsp;<\/p>\n<p>&nbsp;<\/p>\n","protected":false},"excerpt":{"rendered":"<p>Saphir &#8211; Rubi &#8211; Pour Femme &#8211; Eau de Parfum &#8211; moterims<\/p>\n<p style=\"line-height: 15.0pt; margin: 7.5pt 0cm 7.5pt 0cm;\"><span style=\"font-size: 10.0pt; font-family: 'Arial',sans-serif; color: #212121;\">&#8211; Vir\u0161utin\u0117s natos: citrin\u0173, bergamo\u010di\u0173, ylang-ylang;<br \/>\n&#8211; Vidurin\u0117s natos:\u00a0\u00a0kedras, vanil\u0117, muskusas;<br \/>\n&#8211; Pagrindin\u0117s natos:\u00a0aldehidai, \u017ealios spalvos natos, samanos.<\/span><\/p>\n<p><strong><img loading=\"lazy\" decoding=\"async\" class=\"alignnone size-full wp-image-430\" src=\"https:\/\/parfumas.lt\/wp-content\/uploads\/2018\/11\/%C5%BDalias.jpg\" alt=\"\" width=\"72\" height=\"72\" \/>\u00a0\u00a0<\/strong><strong>GAIVIOJI \u0161eima<\/strong><\/p>\n<p>Pagrind\u0105 sudaro \u017ealumynai: stiebai, lapai, \u017eol\u0117s\u2026 Taip pat gali b\u016bti g\u0117li\u0173 prieskonis.<\/p>\n","protected":false},"featured_media":714,"comment_status":"open","ping_status":"closed","template":"","meta":{"_monsterinsights_skip_tracking":false,"_monsterinsights_sitenote_active":false,"_monsterinsights_sitenote_note":"","_monsterinsights_sitenote_category":0},"product_brand":[],"product_cat":[26,39,54,18],"product_tag":[50,29],"class_list":{"0":"post-415","1":"product","2":"type-product","3":"status-publish","4":"has-post-thumbnail","6":"product_cat-eau-de-parfum","7":"product_cat-gaivus","8":"product_cat-ispardavimas","9":"product_cat-kvepalai-moterims","10":"product_tag-akcija","11":"product_tag-parfum-kvepalai-moterims","13":"first","14":"instock","15":"sale","16":"shipping-taxable","17":"purchasable","18":"product-type-variable"},"yoast_head":"<!-- This site is optimized with the Yoast SEO plugin v27.2 - https:\/\/yoast.com\/product\/yoast-seo-wordpress\/ -->\n<title>Rubi - saphir.lt<\/title>\n<meta name=\"robots\" content=\"index, follow, max-snippet:-1, max-image-preview:large, max-video-preview:-1\" \/>\n<link rel=\"canonical\" href=\"https:\/\/parfumas.lt\/index.php\/product\/rubi-50ml\/\" \/>\n<meta property=\"og:locale\" content=\"lt_LT\" \/>\n<meta property=\"og:type\" content=\"article\" \/>\n<meta property=\"og:title\" content=\"Rubi - saphir.lt\" \/>\n<meta property=\"og:description\" content=\"Saphir - Rubi - Pour Femme - Eau de Parfum - moterims - Vir\u0161utin\u0117s natos: citrin\u0173, bergamo\u010di\u0173, ylang-ylang; - Vidurin\u0117s natos:\u00a0\u00a0kedras, vanil\u0117, muskusas; - Pagrindin\u0117s natos:\u00a0aldehidai, \u017ealios spalvos natos, samanos. \u00a0\u00a0GAIVIOJI \u0161eima  Pagrind\u0105 sudaro \u017ealumynai: stiebai, lapai, \u017eol\u0117s\u2026 Taip pat gali b\u016bti g\u0117li\u0173 prieskonis.\" \/>\n<meta property=\"og:url\" content=\"https:\/\/parfumas.lt\/index.php\/product\/rubi-50ml\/\" \/>\n<meta property=\"og:site_name\" content=\"saphir.lt\" \/>\n<meta property=\"article:publisher\" content=\"https:\/\/www.facebook.com\/parfumas.lt\" \/>\n<meta property=\"article:modified_time\" content=\"2025-11-21T10:34:33+00:00\" \/>\n<meta property=\"og:image\" content=\"https:\/\/parfumas.lt\/wp-content\/uploads\/2018\/11\/rubi-de-paris-kvepalai.jpg\" \/>\n\t<meta property=\"og:image:width\" content=\"568\" \/>\n\t<meta property=\"og:image:height\" content=\"649\" \/>\n\t<meta property=\"og:image:type\" content=\"image\/jpeg\" \/>\n<meta name=\"twitter:card\" content=\"summary_large_image\" \/>\n<meta name=\"twitter:label1\" content=\"Est. reading time\" \/>\n\t<meta name=\"twitter:data1\" content=\"1 minut\u0117\" \/>\n<script type=\"application\/ld+json\" class=\"yoast-schema-graph\">{\"@context\":\"https:\/\/schema.org\",\"@graph\":[{\"@type\":\"WebPage\",\"@id\":\"https:\/\/parfumas.lt\/index.php\/product\/rubi-50ml\/\",\"url\":\"https:\/\/parfumas.lt\/index.php\/product\/rubi-50ml\/\",\"name\":\"Rubi - saphir.lt\",\"isPartOf\":{\"@id\":\"https:\/\/parfumas.lt\/#website\"},\"primaryImageOfPage\":{\"@id\":\"https:\/\/parfumas.lt\/index.php\/product\/rubi-50ml\/#primaryimage\"},\"image\":{\"@id\":\"https:\/\/parfumas.lt\/index.php\/product\/rubi-50ml\/#primaryimage\"},\"thumbnailUrl\":\"https:\/\/parfumas.lt\/wp-content\/uploads\/2018\/11\/rubi-de-paris-kvepalai.jpg\",\"datePublished\":\"2018-11-05T21:21:38+00:00\",\"dateModified\":\"2025-11-21T10:34:33+00:00\",\"breadcrumb\":{\"@id\":\"https:\/\/parfumas.lt\/index.php\/product\/rubi-50ml\/#breadcrumb\"},\"inLanguage\":\"lt-LT\",\"potentialAction\":[{\"@type\":\"ReadAction\",\"target\":[\"https:\/\/parfumas.lt\/index.php\/product\/rubi-50ml\/\"]}]},{\"@type\":\"ImageObject\",\"inLanguage\":\"lt-LT\",\"@id\":\"https:\/\/parfumas.lt\/index.php\/product\/rubi-50ml\/#primaryimage\",\"url\":\"https:\/\/parfumas.lt\/wp-content\/uploads\/2018\/11\/rubi-de-paris-kvepalai.jpg\",\"contentUrl\":\"https:\/\/parfumas.lt\/wp-content\/uploads\/2018\/11\/rubi-de-paris-kvepalai.jpg\",\"width\":568,\"height\":649},{\"@type\":\"BreadcrumbList\",\"@id\":\"https:\/\/parfumas.lt\/index.php\/product\/rubi-50ml\/#breadcrumb\",\"itemListElement\":[{\"@type\":\"ListItem\",\"position\":1,\"name\":\"Home\",\"item\":\"https:\/\/parfumas.lt\/\"},{\"@type\":\"ListItem\",\"position\":2,\"name\":\"el.Parduotuv\u0117\",\"item\":\"https:\/\/parfumas.lt\/index.php\/shop\/\"},{\"@type\":\"ListItem\",\"position\":3,\"name\":\"Rubi\"}]},{\"@type\":\"WebSite\",\"@id\":\"https:\/\/parfumas.lt\/#website\",\"url\":\"https:\/\/parfumas.lt\/\",\"name\":\"saphir.lt\",\"description\":\"KASDIENINIAI KVEPALAI PO SPORTO, KELION\u0116JE, U\u017d GER\u0104 KAIN\u0104!\",\"potentialAction\":[{\"@type\":\"SearchAction\",\"target\":{\"@type\":\"EntryPoint\",\"urlTemplate\":\"https:\/\/parfumas.lt\/?s={search_term_string}\"},\"query-input\":{\"@type\":\"PropertyValueSpecification\",\"valueRequired\":true,\"valueName\":\"search_term_string\"}}],\"inLanguage\":\"lt-LT\"}]}<\/script>\n<!-- \/ Yoast SEO plugin. -->","yoast_head_json":{"title":"Rubi - saphir.lt","robots":{"index":"index","follow":"follow","max-snippet":"max-snippet:-1","max-image-preview":"max-image-preview:large","max-video-preview":"max-video-preview:-1"},"canonical":"https:\/\/parfumas.lt\/index.php\/product\/rubi-50ml\/","og_locale":"lt_LT","og_type":"article","og_title":"Rubi - saphir.lt","og_description":"Saphir - Rubi - Pour Femme - Eau de Parfum - moterims - Vir\u0161utin\u0117s natos: citrin\u0173, bergamo\u010di\u0173, ylang-ylang; - Vidurin\u0117s natos:\u00a0\u00a0kedras, vanil\u0117, muskusas; - Pagrindin\u0117s natos:\u00a0aldehidai, \u017ealios spalvos natos, samanos. \u00a0\u00a0GAIVIOJI \u0161eima  Pagrind\u0105 sudaro \u017ealumynai: stiebai, lapai, \u017eol\u0117s\u2026 Taip pat gali b\u016bti g\u0117li\u0173 prieskonis.","og_url":"https:\/\/parfumas.lt\/index.php\/product\/rubi-50ml\/","og_site_name":"saphir.lt","article_publisher":"https:\/\/www.facebook.com\/parfumas.lt","article_modified_time":"2025-11-21T10:34:33+00:00","og_image":[{"width":568,"height":649,"url":"https:\/\/parfumas.lt\/wp-content\/uploads\/2018\/11\/rubi-de-paris-kvepalai.jpg","type":"image\/jpeg"}],"twitter_card":"summary_large_image","twitter_misc":{"Est. reading time":"1 minut\u0117"},"schema":{"@context":"https:\/\/schema.org","@graph":[{"@type":"WebPage","@id":"https:\/\/parfumas.lt\/index.php\/product\/rubi-50ml\/","url":"https:\/\/parfumas.lt\/index.php\/product\/rubi-50ml\/","name":"Rubi - saphir.lt","isPartOf":{"@id":"https:\/\/parfumas.lt\/#website"},"primaryImageOfPage":{"@id":"https:\/\/parfumas.lt\/index.php\/product\/rubi-50ml\/#primaryimage"},"image":{"@id":"https:\/\/parfumas.lt\/index.php\/product\/rubi-50ml\/#primaryimage"},"thumbnailUrl":"https:\/\/parfumas.lt\/wp-content\/uploads\/2018\/11\/rubi-de-paris-kvepalai.jpg","datePublished":"2018-11-05T21:21:38+00:00","dateModified":"2025-11-21T10:34:33+00:00","breadcrumb":{"@id":"https:\/\/parfumas.lt\/index.php\/product\/rubi-50ml\/#breadcrumb"},"inLanguage":"lt-LT","potentialAction":[{"@type":"ReadAction","target":["https:\/\/parfumas.lt\/index.php\/product\/rubi-50ml\/"]}]},{"@type":"ImageObject","inLanguage":"lt-LT","@id":"https:\/\/parfumas.lt\/index.php\/product\/rubi-50ml\/#primaryimage","url":"https:\/\/parfumas.lt\/wp-content\/uploads\/2018\/11\/rubi-de-paris-kvepalai.jpg","contentUrl":"https:\/\/parfumas.lt\/wp-content\/uploads\/2018\/11\/rubi-de-paris-kvepalai.jpg","width":568,"height":649},{"@type":"BreadcrumbList","@id":"https:\/\/parfumas.lt\/index.php\/product\/rubi-50ml\/#breadcrumb","itemListElement":[{"@type":"ListItem","position":1,"name":"Home","item":"https:\/\/parfumas.lt\/"},{"@type":"ListItem","position":2,"name":"el.Parduotuv\u0117","item":"https:\/\/parfumas.lt\/index.php\/shop\/"},{"@type":"ListItem","position":3,"name":"Rubi"}]},{"@type":"WebSite","@id":"https:\/\/parfumas.lt\/#website","url":"https:\/\/parfumas.lt\/","name":"saphir.lt","description":"KASDIENINIAI KVEPALAI PO SPORTO, KELION\u0116JE, U\u017d GER\u0104 KAIN\u0104!","potentialAction":[{"@type":"SearchAction","target":{"@type":"EntryPoint","urlTemplate":"https:\/\/parfumas.lt\/?s={search_term_string}"},"query-input":{"@type":"PropertyValueSpecification","valueRequired":true,"valueName":"search_term_string"}}],"inLanguage":"lt-LT"}]}},"_links":{"self":[{"href":"https:\/\/parfumas.lt\/index.php\/wp-json\/wp\/v2\/product\/415","targetHints":{"allow":["GET"]}}],"collection":[{"href":"https:\/\/parfumas.lt\/index.php\/wp-json\/wp\/v2\/product"}],"about":[{"href":"https:\/\/parfumas.lt\/index.php\/wp-json\/wp\/v2\/types\/product"}],"replies":[{"embeddable":true,"href":"https:\/\/parfumas.lt\/index.php\/wp-json\/wp\/v2\/comments?post=415"}],"wp:featuredmedia":[{"embeddable":true,"href":"https:\/\/parfumas.lt\/index.php\/wp-json\/wp\/v2\/media\/714"}],"wp:attachment":[{"href":"https:\/\/parfumas.lt\/index.php\/wp-json\/wp\/v2\/media?parent=415"}],"wp:term":[{"taxonomy":"product_brand","embeddable":true,"href":"https:\/\/parfumas.lt\/index.php\/wp-json\/wp\/v2\/product_brand?post=415"},{"taxonomy":"product_cat","embeddable":true,"href":"https:\/\/parfumas.lt\/index.php\/wp-json\/wp\/v2\/product_cat?post=415"},{"taxonomy":"product_tag","embeddable":true,"href":"https:\/\/parfumas.lt\/index.php\/wp-json\/wp\/v2\/product_tag?post=415"}],"curies":[{"name":"wp","href":"https:\/\/api.w.org\/{rel}","templated":true}]}}