{"id":420,"date":"2018-11-05T21:28:29","date_gmt":"2018-11-05T21:28:29","guid":{"rendered":"https:\/\/parfumas.lt\/?post_type=product&#038;p=420"},"modified":"2026-02-07T20:18:48","modified_gmt":"2026-02-07T20:18:48","slug":"ancora-50ml","status":"publish","type":"product","link":"https:\/\/parfumas.lt\/index.php\/product\/ancora-50ml\/","title":{"rendered":"Ancora"},"content":{"rendered":"<p><span style=\"font-size: 10.0pt; font-family: 'Arial',sans-serif; color: #212121;\">Ancora &#8211; subtilus,\u00a0saldus aromatas su gaiviomis natomis\u00a0skirtas svajingai moteriai,\u00a0kurios l\u016bpose nebl\u0117sta \u0161ypsena.\u00a0<\/span><span style=\"font-size: 10.0pt; font-family: 'Arial',sans-serif; color: #212121;\">Tai unikali ir nesenstanti kvepal\u0173 kompozicija, leid\u017eianti Jums pereiti \u012f d\u017eiaugsmo ir palaimos \u0161al\u012f.\u00a0 Jei m\u0117gstate prabanga ir esate geidulinga &#8211; \u0161ie kvapalai Jums!<\/span><\/p>\n<p><img loading=\"lazy\" decoding=\"async\" class=\"alignnone size-medium wp-image-703\" src=\"https:\/\/parfumas.lt\/wp-content\/uploads\/2018\/11\/ancora-de-saphir-kvepalai-300x164.jpg\" alt=\"\" width=\"300\" height=\"164\" srcset=\"https:\/\/parfumas.lt\/wp-content\/uploads\/2018\/11\/ancora-de-saphir-kvepalai-300x164.jpg 300w, https:\/\/parfumas.lt\/wp-content\/uploads\/2018\/11\/ancora-de-saphir-kvepalai-600x328.jpg 600w, https:\/\/parfumas.lt\/wp-content\/uploads\/2018\/11\/ancora-de-saphir-kvepalai-1024x559.jpg 1024w, https:\/\/parfumas.lt\/wp-content\/uploads\/2018\/11\/ancora-de-saphir-kvepalai-768x419.jpg 768w, https:\/\/parfumas.lt\/wp-content\/uploads\/2018\/11\/ancora-de-saphir-kvepalai.jpg 1042w\" sizes=\"auto, (max-width: 300px) 100vw, 300px\" \/><\/p>\n<p>ALKOHOLO DENATAS, PARFUMAS (FRAUGUMAS), AQUA (VANDENYS), Etil-heksilmetoksi-cinnamatas, butilo metoksibenzilo metilmetilanas, etiloheksil-salilatin-benalino-fenil-fenil, fenil-fenil-fenil, fenil-metil-fenil , HEXIL CINNAMAL, EUGENOL, ISOEUGENOL \u00b1 [CI 16035, CI 42090, CI 60730]<\/p>\n","protected":false},"excerpt":{"rendered":"<p>Saphir &#8211; Ancora &#8211; Pour Femme &#8211; Eau de Parfum &#8211; moterims<\/p>\n<p>&#8211; Vir\u0161utin\u0117s natos: bergemot\u0117, kokosas, moli\u016bgas, ananasas;<br \/>\n&#8211; Vidurin\u0117s natos: vanil\u0117, sandalmedis, gintaras;<br \/>\n&#8211; Pagrindin\u0117s natos: pa\u010diulis, \u0161okoladas, karamel\u0117, medus.<\/p>\n<p><strong><img loading=\"lazy\" decoding=\"async\" class=\"alignnone size-full wp-image-89\" src=\"http:\/\/parfumas.lt\/wp-content\/uploads\/2018\/05\/rytietiska.jpg\" alt=\"\" width=\"72\" height=\"72\" \/>\u00a0 \u00a0<\/strong><strong>Rytieti\u0161ka &#8211; medienos \u0161eima<\/strong><\/p>\n<p>\u0160i\u0105 koncepcij\u0105 apib\u016bdina paslaptingos esencijos i\u0161 Ryt\u0173, kur sald\u016bs, balzamiko, a\u0161tri\u0173 prieskoni\u0173 ir ambros\/gintaro akordai kontrastuoja su citrusini\u0173, \u0161vie\u017ei\u0173, \u017ealumyn\u0173 ar vaisi\u0173 \u017eemutin\u0117mis natomis.<\/p>\n","protected":false},"featured_media":704,"comment_status":"open","ping_status":"closed","template":"","meta":{"_monsterinsights_skip_tracking":false,"_monsterinsights_sitenote_active":false,"_monsterinsights_sitenote_note":"","_monsterinsights_sitenote_category":0},"product_brand":[],"product_cat":[26,54,18,40],"product_tag":[50,29],"class_list":{"0":"post-420","1":"product","2":"type-product","3":"status-publish","4":"has-post-thumbnail","6":"product_cat-eau-de-parfum","7":"product_cat-ispardavimas","8":"product_cat-kvepalai-moterims","9":"product_cat-rytietiski-medienos","10":"product_tag-akcija","11":"product_tag-parfum-kvepalai-moterims","13":"first","14":"instock","15":"sale","16":"shipping-taxable","17":"purchasable","18":"product-type-variable"},"yoast_head":"<!-- This site is optimized with the Yoast SEO plugin v27.2 - https:\/\/yoast.com\/product\/yoast-seo-wordpress\/ -->\n<title>Ancora - saphir.lt<\/title>\n<meta name=\"description\" content=\"parfum kvepalai moteri\u0161ki\" \/>\n<meta name=\"robots\" content=\"index, follow, max-snippet:-1, max-image-preview:large, max-video-preview:-1\" \/>\n<link rel=\"canonical\" href=\"https:\/\/parfumas.lt\/index.php\/product\/ancora-50ml\/\" \/>\n<meta property=\"og:locale\" content=\"lt_LT\" \/>\n<meta property=\"og:type\" content=\"article\" \/>\n<meta property=\"og:title\" content=\"Ancora - saphir.lt\" \/>\n<meta property=\"og:description\" content=\"parfum kvepalai moteri\u0161ki\" \/>\n<meta property=\"og:url\" content=\"https:\/\/parfumas.lt\/index.php\/product\/ancora-50ml\/\" \/>\n<meta property=\"og:site_name\" content=\"saphir.lt\" \/>\n<meta property=\"article:publisher\" content=\"https:\/\/www.facebook.com\/parfumas.lt\" \/>\n<meta property=\"article:modified_time\" content=\"2026-02-07T20:18:48+00:00\" \/>\n<meta property=\"og:image\" content=\"https:\/\/parfumas.lt\/wp-content\/uploads\/2018\/11\/ancora-kvepalai.jpg\" \/>\n\t<meta property=\"og:image:width\" content=\"568\" \/>\n\t<meta property=\"og:image:height\" content=\"649\" \/>\n\t<meta property=\"og:image:type\" content=\"image\/jpeg\" \/>\n<meta name=\"twitter:card\" content=\"summary_large_image\" \/>\n<meta name=\"twitter:label1\" content=\"Est. reading time\" \/>\n\t<meta name=\"twitter:data1\" content=\"1 minut\u0117\" \/>\n<script type=\"application\/ld+json\" class=\"yoast-schema-graph\">{\"@context\":\"https:\/\/schema.org\",\"@graph\":[{\"@type\":\"WebPage\",\"@id\":\"https:\/\/parfumas.lt\/index.php\/product\/ancora-50ml\/\",\"url\":\"https:\/\/parfumas.lt\/index.php\/product\/ancora-50ml\/\",\"name\":\"Ancora - saphir.lt\",\"isPartOf\":{\"@id\":\"https:\/\/parfumas.lt\/#website\"},\"primaryImageOfPage\":{\"@id\":\"https:\/\/parfumas.lt\/index.php\/product\/ancora-50ml\/#primaryimage\"},\"image\":{\"@id\":\"https:\/\/parfumas.lt\/index.php\/product\/ancora-50ml\/#primaryimage\"},\"thumbnailUrl\":\"https:\/\/parfumas.lt\/wp-content\/uploads\/2018\/11\/ancora-kvepalai.jpg\",\"datePublished\":\"2018-11-05T21:28:29+00:00\",\"dateModified\":\"2026-02-07T20:18:48+00:00\",\"description\":\"parfum kvepalai moteri\u0161ki\",\"breadcrumb\":{\"@id\":\"https:\/\/parfumas.lt\/index.php\/product\/ancora-50ml\/#breadcrumb\"},\"inLanguage\":\"lt-LT\",\"potentialAction\":[{\"@type\":\"ReadAction\",\"target\":[\"https:\/\/parfumas.lt\/index.php\/product\/ancora-50ml\/\"]}]},{\"@type\":\"ImageObject\",\"inLanguage\":\"lt-LT\",\"@id\":\"https:\/\/parfumas.lt\/index.php\/product\/ancora-50ml\/#primaryimage\",\"url\":\"https:\/\/parfumas.lt\/wp-content\/uploads\/2018\/11\/ancora-kvepalai.jpg\",\"contentUrl\":\"https:\/\/parfumas.lt\/wp-content\/uploads\/2018\/11\/ancora-kvepalai.jpg\",\"width\":568,\"height\":649},{\"@type\":\"BreadcrumbList\",\"@id\":\"https:\/\/parfumas.lt\/index.php\/product\/ancora-50ml\/#breadcrumb\",\"itemListElement\":[{\"@type\":\"ListItem\",\"position\":1,\"name\":\"Home\",\"item\":\"https:\/\/parfumas.lt\/\"},{\"@type\":\"ListItem\",\"position\":2,\"name\":\"el.Parduotuv\u0117\",\"item\":\"https:\/\/parfumas.lt\/index.php\/shop\/\"},{\"@type\":\"ListItem\",\"position\":3,\"name\":\"Ancora\"}]},{\"@type\":\"WebSite\",\"@id\":\"https:\/\/parfumas.lt\/#website\",\"url\":\"https:\/\/parfumas.lt\/\",\"name\":\"saphir.lt\",\"description\":\"KASDIENINIAI KVEPALAI PO SPORTO, KELION\u0116JE, U\u017d GER\u0104 KAIN\u0104!\",\"potentialAction\":[{\"@type\":\"SearchAction\",\"target\":{\"@type\":\"EntryPoint\",\"urlTemplate\":\"https:\/\/parfumas.lt\/?s={search_term_string}\"},\"query-input\":{\"@type\":\"PropertyValueSpecification\",\"valueRequired\":true,\"valueName\":\"search_term_string\"}}],\"inLanguage\":\"lt-LT\"}]}<\/script>\n<!-- \/ Yoast SEO plugin. -->","yoast_head_json":{"title":"Ancora - saphir.lt","description":"parfum kvepalai moteri\u0161ki","robots":{"index":"index","follow":"follow","max-snippet":"max-snippet:-1","max-image-preview":"max-image-preview:large","max-video-preview":"max-video-preview:-1"},"canonical":"https:\/\/parfumas.lt\/index.php\/product\/ancora-50ml\/","og_locale":"lt_LT","og_type":"article","og_title":"Ancora - saphir.lt","og_description":"parfum kvepalai moteri\u0161ki","og_url":"https:\/\/parfumas.lt\/index.php\/product\/ancora-50ml\/","og_site_name":"saphir.lt","article_publisher":"https:\/\/www.facebook.com\/parfumas.lt","article_modified_time":"2026-02-07T20:18:48+00:00","og_image":[{"width":568,"height":649,"url":"https:\/\/parfumas.lt\/wp-content\/uploads\/2018\/11\/ancora-kvepalai.jpg","type":"image\/jpeg"}],"twitter_card":"summary_large_image","twitter_misc":{"Est. reading time":"1 minut\u0117"},"schema":{"@context":"https:\/\/schema.org","@graph":[{"@type":"WebPage","@id":"https:\/\/parfumas.lt\/index.php\/product\/ancora-50ml\/","url":"https:\/\/parfumas.lt\/index.php\/product\/ancora-50ml\/","name":"Ancora - saphir.lt","isPartOf":{"@id":"https:\/\/parfumas.lt\/#website"},"primaryImageOfPage":{"@id":"https:\/\/parfumas.lt\/index.php\/product\/ancora-50ml\/#primaryimage"},"image":{"@id":"https:\/\/parfumas.lt\/index.php\/product\/ancora-50ml\/#primaryimage"},"thumbnailUrl":"https:\/\/parfumas.lt\/wp-content\/uploads\/2018\/11\/ancora-kvepalai.jpg","datePublished":"2018-11-05T21:28:29+00:00","dateModified":"2026-02-07T20:18:48+00:00","description":"parfum kvepalai moteri\u0161ki","breadcrumb":{"@id":"https:\/\/parfumas.lt\/index.php\/product\/ancora-50ml\/#breadcrumb"},"inLanguage":"lt-LT","potentialAction":[{"@type":"ReadAction","target":["https:\/\/parfumas.lt\/index.php\/product\/ancora-50ml\/"]}]},{"@type":"ImageObject","inLanguage":"lt-LT","@id":"https:\/\/parfumas.lt\/index.php\/product\/ancora-50ml\/#primaryimage","url":"https:\/\/parfumas.lt\/wp-content\/uploads\/2018\/11\/ancora-kvepalai.jpg","contentUrl":"https:\/\/parfumas.lt\/wp-content\/uploads\/2018\/11\/ancora-kvepalai.jpg","width":568,"height":649},{"@type":"BreadcrumbList","@id":"https:\/\/parfumas.lt\/index.php\/product\/ancora-50ml\/#breadcrumb","itemListElement":[{"@type":"ListItem","position":1,"name":"Home","item":"https:\/\/parfumas.lt\/"},{"@type":"ListItem","position":2,"name":"el.Parduotuv\u0117","item":"https:\/\/parfumas.lt\/index.php\/shop\/"},{"@type":"ListItem","position":3,"name":"Ancora"}]},{"@type":"WebSite","@id":"https:\/\/parfumas.lt\/#website","url":"https:\/\/parfumas.lt\/","name":"saphir.lt","description":"KASDIENINIAI KVEPALAI PO SPORTO, KELION\u0116JE, U\u017d GER\u0104 KAIN\u0104!","potentialAction":[{"@type":"SearchAction","target":{"@type":"EntryPoint","urlTemplate":"https:\/\/parfumas.lt\/?s={search_term_string}"},"query-input":{"@type":"PropertyValueSpecification","valueRequired":true,"valueName":"search_term_string"}}],"inLanguage":"lt-LT"}]}},"_links":{"self":[{"href":"https:\/\/parfumas.lt\/index.php\/wp-json\/wp\/v2\/product\/420","targetHints":{"allow":["GET"]}}],"collection":[{"href":"https:\/\/parfumas.lt\/index.php\/wp-json\/wp\/v2\/product"}],"about":[{"href":"https:\/\/parfumas.lt\/index.php\/wp-json\/wp\/v2\/types\/product"}],"replies":[{"embeddable":true,"href":"https:\/\/parfumas.lt\/index.php\/wp-json\/wp\/v2\/comments?post=420"}],"wp:featuredmedia":[{"embeddable":true,"href":"https:\/\/parfumas.lt\/index.php\/wp-json\/wp\/v2\/media\/704"}],"wp:attachment":[{"href":"https:\/\/parfumas.lt\/index.php\/wp-json\/wp\/v2\/media?parent=420"}],"wp:term":[{"taxonomy":"product_brand","embeddable":true,"href":"https:\/\/parfumas.lt\/index.php\/wp-json\/wp\/v2\/product_brand?post=420"},{"taxonomy":"product_cat","embeddable":true,"href":"https:\/\/parfumas.lt\/index.php\/wp-json\/wp\/v2\/product_cat?post=420"},{"taxonomy":"product_tag","embeddable":true,"href":"https:\/\/parfumas.lt\/index.php\/wp-json\/wp\/v2\/product_tag?post=420"}],"curies":[{"name":"wp","href":"https:\/\/api.w.org\/{rel}","templated":true}]}}