{"id":423,"date":"2018-11-05T21:37:39","date_gmt":"2018-11-05T21:37:39","guid":{"rendered":"https:\/\/parfumas.lt\/?post_type=product&#038;p=423"},"modified":"2025-11-21T10:28:03","modified_gmt":"2025-11-21T10:28:03","slug":"agua-desaphir-50ml","status":"publish","type":"product","link":"https:\/\/parfumas.lt\/index.php\/product\/agua-desaphir-50ml\/","title":{"rendered":"Aqua de Saphir"},"content":{"rendered":"<p>Aqua de Saphir\u00a0 &#8211; galingos gamtos stichijos &#8211; vandens &#8211; teikiamas d\u017eiaugsmas. Gaivumas sukeliantis priklausomybe..<\/p>\n<p><img loading=\"lazy\" decoding=\"async\" class=\"alignnone size-medium wp-image-696\" src=\"https:\/\/parfumas.lt\/wp-content\/uploads\/2018\/11\/saphir-kvepalai-agua-300x173.png\" alt=\"\" width=\"300\" height=\"173\" srcset=\"https:\/\/parfumas.lt\/wp-content\/uploads\/2018\/11\/saphir-kvepalai-agua-300x173.png 300w, https:\/\/parfumas.lt\/wp-content\/uploads\/2018\/11\/saphir-kvepalai-agua-600x346.png 600w, https:\/\/parfumas.lt\/wp-content\/uploads\/2018\/11\/saphir-kvepalai-agua-768x443.png 768w, https:\/\/parfumas.lt\/wp-content\/uploads\/2018\/11\/saphir-kvepalai-agua.png 1024w\" sizes=\"auto, (max-width: 300px) 100vw, 300px\" \/><\/p>\n<p>&nbsp;<\/p>\n<p>ALKOHOLIS DENAT, PARFUM (FRAGRANCE), vandens (vanduo), etilheksil Methoxycinnamate, BUTIL- metoksidibenzoilmetano, etilheksilsalicilatas, benzofenono-1, BHT, benzilo salicilatas, limoneno Citronelonas, hidroksicitronell\u00e2ls, alfa-Isomethyl ionone, heksilo cinnamal, linalol\u012f, geraniolio, citralio , Benzilbenzoato, cinamalo, metil-2-oktinoato, benzilo alkoholio \u00b1 [CI 19140, CI 42090, CI 60730].<\/p>\n<p>&nbsp;<\/p>\n<p>&nbsp;<\/p>\n","protected":false},"excerpt":{"rendered":"<p>Saphir \u2013 Aqua de Saphir \u2013 Pour Femme \u2013 Eau de Parfum \u2013 moterims\u00a0(50ml)<\/p>\n<p>&#8211; Vir\u0161utin\u0117s natos: citrinos, m\u0117tos, vaisi\u0173 kvapas;<br \/>\n&#8211; Vidurin\u0117s natos: vandens kvapas, jazminai, \u017ealumyn\u0173 kvapas;<br \/>\n&#8211; Pagrindin\u0117s natos: kedrai, cukrus, gauruotieji \u0161vitr\u016bnai.<\/p>\n<p><strong><img loading=\"lazy\" decoding=\"async\" class=\"alignnone size-full wp-image-430\" src=\"https:\/\/parfumas.lt\/wp-content\/uploads\/2018\/11\/%C5%BDalias.jpg\" alt=\"\" width=\"72\" height=\"72\" \/>\u00a0\u00a0<\/strong><strong>GAIVIOJI \u0161eima<\/strong><\/p>\n<p>Pagrind\u0105 sudaro \u017ealumynai: stiebai, lapai, \u017eol\u0117s\u2026 Taip pat gali b\u016bti g\u0117li\u0173 prieskonis.<\/p>\n","protected":false},"featured_media":699,"comment_status":"open","ping_status":"closed","template":"","meta":{"_monsterinsights_skip_tracking":false,"_monsterinsights_sitenote_active":false,"_monsterinsights_sitenote_note":"","_monsterinsights_sitenote_category":0},"product_brand":[],"product_cat":[26,39,54,18],"product_tag":[50,29],"class_list":{"0":"post-423","1":"product","2":"type-product","3":"status-publish","4":"has-post-thumbnail","6":"product_cat-eau-de-parfum","7":"product_cat-gaivus","8":"product_cat-ispardavimas","9":"product_cat-kvepalai-moterims","10":"product_tag-akcija","11":"product_tag-parfum-kvepalai-moterims","13":"first","14":"instock","15":"sale","16":"shipping-taxable","17":"purchasable","18":"product-type-variable"},"yoast_head":"<!-- This site is optimized with the Yoast SEO plugin v27.2 - https:\/\/yoast.com\/product\/yoast-seo-wordpress\/ -->\n<title>Aqua de Saphir - saphir.lt<\/title>\n<meta name=\"robots\" content=\"index, follow, max-snippet:-1, max-image-preview:large, max-video-preview:-1\" \/>\n<link rel=\"canonical\" href=\"https:\/\/parfumas.lt\/index.php\/product\/agua-desaphir-50ml\/\" \/>\n<meta property=\"og:locale\" content=\"lt_LT\" \/>\n<meta property=\"og:type\" content=\"article\" \/>\n<meta property=\"og:title\" content=\"Aqua de Saphir - saphir.lt\" \/>\n<meta property=\"og:description\" content=\"Saphir \u2013 Aqua de Saphir \u2013 Pour Femme \u2013 Eau de Parfum \u2013 moterims\u00a0(50ml)  - Vir\u0161utin\u0117s natos: citrinos, m\u0117tos, vaisi\u0173 kvapas; - Vidurin\u0117s natos: vandens kvapas, jazminai, \u017ealumyn\u0173 kvapas; - Pagrindin\u0117s natos: kedrai, cukrus, gauruotieji \u0161vitr\u016bnai.  \u00a0\u00a0GAIVIOJI \u0161eima  Pagrind\u0105 sudaro \u017ealumynai: stiebai, lapai, \u017eol\u0117s\u2026 Taip pat gali b\u016bti g\u0117li\u0173 prieskonis.\" \/>\n<meta property=\"og:url\" content=\"https:\/\/parfumas.lt\/index.php\/product\/agua-desaphir-50ml\/\" \/>\n<meta property=\"og:site_name\" content=\"saphir.lt\" \/>\n<meta property=\"article:publisher\" content=\"https:\/\/www.facebook.com\/parfumas.lt\" \/>\n<meta property=\"article:modified_time\" content=\"2025-11-21T10:28:03+00:00\" \/>\n<meta property=\"og:image\" content=\"https:\/\/parfumas.lt\/wp-content\/uploads\/2018\/11\/agua-de-saphir.jpg\" \/>\n\t<meta property=\"og:image:width\" content=\"568\" \/>\n\t<meta property=\"og:image:height\" content=\"649\" \/>\n\t<meta property=\"og:image:type\" content=\"image\/jpeg\" \/>\n<meta name=\"twitter:card\" content=\"summary_large_image\" \/>\n<meta name=\"twitter:label1\" content=\"Est. reading time\" \/>\n\t<meta name=\"twitter:data1\" content=\"1 minut\u0117\" \/>\n<script type=\"application\/ld+json\" class=\"yoast-schema-graph\">{\"@context\":\"https:\/\/schema.org\",\"@graph\":[{\"@type\":\"WebPage\",\"@id\":\"https:\/\/parfumas.lt\/index.php\/product\/agua-desaphir-50ml\/\",\"url\":\"https:\/\/parfumas.lt\/index.php\/product\/agua-desaphir-50ml\/\",\"name\":\"Aqua de Saphir - saphir.lt\",\"isPartOf\":{\"@id\":\"https:\/\/parfumas.lt\/#website\"},\"primaryImageOfPage\":{\"@id\":\"https:\/\/parfumas.lt\/index.php\/product\/agua-desaphir-50ml\/#primaryimage\"},\"image\":{\"@id\":\"https:\/\/parfumas.lt\/index.php\/product\/agua-desaphir-50ml\/#primaryimage\"},\"thumbnailUrl\":\"https:\/\/parfumas.lt\/wp-content\/uploads\/2018\/11\/agua-de-saphir.jpg\",\"datePublished\":\"2018-11-05T21:37:39+00:00\",\"dateModified\":\"2025-11-21T10:28:03+00:00\",\"breadcrumb\":{\"@id\":\"https:\/\/parfumas.lt\/index.php\/product\/agua-desaphir-50ml\/#breadcrumb\"},\"inLanguage\":\"lt-LT\",\"potentialAction\":[{\"@type\":\"ReadAction\",\"target\":[\"https:\/\/parfumas.lt\/index.php\/product\/agua-desaphir-50ml\/\"]}]},{\"@type\":\"ImageObject\",\"inLanguage\":\"lt-LT\",\"@id\":\"https:\/\/parfumas.lt\/index.php\/product\/agua-desaphir-50ml\/#primaryimage\",\"url\":\"https:\/\/parfumas.lt\/wp-content\/uploads\/2018\/11\/agua-de-saphir.jpg\",\"contentUrl\":\"https:\/\/parfumas.lt\/wp-content\/uploads\/2018\/11\/agua-de-saphir.jpg\",\"width\":568,\"height\":649},{\"@type\":\"BreadcrumbList\",\"@id\":\"https:\/\/parfumas.lt\/index.php\/product\/agua-desaphir-50ml\/#breadcrumb\",\"itemListElement\":[{\"@type\":\"ListItem\",\"position\":1,\"name\":\"Home\",\"item\":\"https:\/\/parfumas.lt\/\"},{\"@type\":\"ListItem\",\"position\":2,\"name\":\"el.Parduotuv\u0117\",\"item\":\"https:\/\/parfumas.lt\/index.php\/shop\/\"},{\"@type\":\"ListItem\",\"position\":3,\"name\":\"Aqua de Saphir\"}]},{\"@type\":\"WebSite\",\"@id\":\"https:\/\/parfumas.lt\/#website\",\"url\":\"https:\/\/parfumas.lt\/\",\"name\":\"saphir.lt\",\"description\":\"KASDIENINIAI KVEPALAI PO SPORTO, KELION\u0116JE, U\u017d GER\u0104 KAIN\u0104!\",\"potentialAction\":[{\"@type\":\"SearchAction\",\"target\":{\"@type\":\"EntryPoint\",\"urlTemplate\":\"https:\/\/parfumas.lt\/?s={search_term_string}\"},\"query-input\":{\"@type\":\"PropertyValueSpecification\",\"valueRequired\":true,\"valueName\":\"search_term_string\"}}],\"inLanguage\":\"lt-LT\"}]}<\/script>\n<!-- \/ Yoast SEO plugin. -->","yoast_head_json":{"title":"Aqua de Saphir - saphir.lt","robots":{"index":"index","follow":"follow","max-snippet":"max-snippet:-1","max-image-preview":"max-image-preview:large","max-video-preview":"max-video-preview:-1"},"canonical":"https:\/\/parfumas.lt\/index.php\/product\/agua-desaphir-50ml\/","og_locale":"lt_LT","og_type":"article","og_title":"Aqua de Saphir - saphir.lt","og_description":"Saphir \u2013 Aqua de Saphir \u2013 Pour Femme \u2013 Eau de Parfum \u2013 moterims\u00a0(50ml)  - Vir\u0161utin\u0117s natos: citrinos, m\u0117tos, vaisi\u0173 kvapas; - Vidurin\u0117s natos: vandens kvapas, jazminai, \u017ealumyn\u0173 kvapas; - Pagrindin\u0117s natos: kedrai, cukrus, gauruotieji \u0161vitr\u016bnai.  \u00a0\u00a0GAIVIOJI \u0161eima  Pagrind\u0105 sudaro \u017ealumynai: stiebai, lapai, \u017eol\u0117s\u2026 Taip pat gali b\u016bti g\u0117li\u0173 prieskonis.","og_url":"https:\/\/parfumas.lt\/index.php\/product\/agua-desaphir-50ml\/","og_site_name":"saphir.lt","article_publisher":"https:\/\/www.facebook.com\/parfumas.lt","article_modified_time":"2025-11-21T10:28:03+00:00","og_image":[{"width":568,"height":649,"url":"https:\/\/parfumas.lt\/wp-content\/uploads\/2018\/11\/agua-de-saphir.jpg","type":"image\/jpeg"}],"twitter_card":"summary_large_image","twitter_misc":{"Est. reading time":"1 minut\u0117"},"schema":{"@context":"https:\/\/schema.org","@graph":[{"@type":"WebPage","@id":"https:\/\/parfumas.lt\/index.php\/product\/agua-desaphir-50ml\/","url":"https:\/\/parfumas.lt\/index.php\/product\/agua-desaphir-50ml\/","name":"Aqua de Saphir - saphir.lt","isPartOf":{"@id":"https:\/\/parfumas.lt\/#website"},"primaryImageOfPage":{"@id":"https:\/\/parfumas.lt\/index.php\/product\/agua-desaphir-50ml\/#primaryimage"},"image":{"@id":"https:\/\/parfumas.lt\/index.php\/product\/agua-desaphir-50ml\/#primaryimage"},"thumbnailUrl":"https:\/\/parfumas.lt\/wp-content\/uploads\/2018\/11\/agua-de-saphir.jpg","datePublished":"2018-11-05T21:37:39+00:00","dateModified":"2025-11-21T10:28:03+00:00","breadcrumb":{"@id":"https:\/\/parfumas.lt\/index.php\/product\/agua-desaphir-50ml\/#breadcrumb"},"inLanguage":"lt-LT","potentialAction":[{"@type":"ReadAction","target":["https:\/\/parfumas.lt\/index.php\/product\/agua-desaphir-50ml\/"]}]},{"@type":"ImageObject","inLanguage":"lt-LT","@id":"https:\/\/parfumas.lt\/index.php\/product\/agua-desaphir-50ml\/#primaryimage","url":"https:\/\/parfumas.lt\/wp-content\/uploads\/2018\/11\/agua-de-saphir.jpg","contentUrl":"https:\/\/parfumas.lt\/wp-content\/uploads\/2018\/11\/agua-de-saphir.jpg","width":568,"height":649},{"@type":"BreadcrumbList","@id":"https:\/\/parfumas.lt\/index.php\/product\/agua-desaphir-50ml\/#breadcrumb","itemListElement":[{"@type":"ListItem","position":1,"name":"Home","item":"https:\/\/parfumas.lt\/"},{"@type":"ListItem","position":2,"name":"el.Parduotuv\u0117","item":"https:\/\/parfumas.lt\/index.php\/shop\/"},{"@type":"ListItem","position":3,"name":"Aqua de Saphir"}]},{"@type":"WebSite","@id":"https:\/\/parfumas.lt\/#website","url":"https:\/\/parfumas.lt\/","name":"saphir.lt","description":"KASDIENINIAI KVEPALAI PO SPORTO, KELION\u0116JE, U\u017d GER\u0104 KAIN\u0104!","potentialAction":[{"@type":"SearchAction","target":{"@type":"EntryPoint","urlTemplate":"https:\/\/parfumas.lt\/?s={search_term_string}"},"query-input":{"@type":"PropertyValueSpecification","valueRequired":true,"valueName":"search_term_string"}}],"inLanguage":"lt-LT"}]}},"_links":{"self":[{"href":"https:\/\/parfumas.lt\/index.php\/wp-json\/wp\/v2\/product\/423","targetHints":{"allow":["GET"]}}],"collection":[{"href":"https:\/\/parfumas.lt\/index.php\/wp-json\/wp\/v2\/product"}],"about":[{"href":"https:\/\/parfumas.lt\/index.php\/wp-json\/wp\/v2\/types\/product"}],"replies":[{"embeddable":true,"href":"https:\/\/parfumas.lt\/index.php\/wp-json\/wp\/v2\/comments?post=423"}],"wp:featuredmedia":[{"embeddable":true,"href":"https:\/\/parfumas.lt\/index.php\/wp-json\/wp\/v2\/media\/699"}],"wp:attachment":[{"href":"https:\/\/parfumas.lt\/index.php\/wp-json\/wp\/v2\/media?parent=423"}],"wp:term":[{"taxonomy":"product_brand","embeddable":true,"href":"https:\/\/parfumas.lt\/index.php\/wp-json\/wp\/v2\/product_brand?post=423"},{"taxonomy":"product_cat","embeddable":true,"href":"https:\/\/parfumas.lt\/index.php\/wp-json\/wp\/v2\/product_cat?post=423"},{"taxonomy":"product_tag","embeddable":true,"href":"https:\/\/parfumas.lt\/index.php\/wp-json\/wp\/v2\/product_tag?post=423"}],"curies":[{"name":"wp","href":"https:\/\/api.w.org\/{rel}","templated":true}]}}