{"id":464,"date":"2019-02-24T20:25:25","date_gmt":"2019-02-24T20:25:25","guid":{"rendered":"https:\/\/parfumas.lt\/?post_type=product&#038;p=464"},"modified":"2025-11-21T10:25:42","modified_gmt":"2025-11-21T10:25:42","slug":"boxes-dynamic","status":"publish","type":"product","link":"https:\/\/parfumas.lt\/index.php\/product\/boxes-dynamic\/","title":{"rendered":"Boxes Dynamic"},"content":{"rendered":"<p>Ekstravaganti\u0161kas kvapas tikram vyrui. Klasika, kuri niekada nei\u0161eina i\u0161 mados. Puikiai tinka, bet kuriuo dienos ir, bet kurio sezono metu.\u00a0\u0160iai kvepal\u0173 \u0161eimai b\u016bdingos vyraujan\u010dios dr\u0105sios kvap\u0173 natos su mink\u0161tais, sald\u017eiais prieskoniais (sandalmedis, kedrai).<\/p>\n<p><img loading=\"lazy\" decoding=\"async\" class=\"alignnone size-medium wp-image-467\" src=\"https:\/\/parfumas.lt\/wp-content\/uploads\/2019\/02\/boxes-dynamic2-300x172.jpg\" alt=\"\" width=\"300\" height=\"172\" srcset=\"https:\/\/parfumas.lt\/wp-content\/uploads\/2019\/02\/boxes-dynamic2-300x172.jpg 300w, https:\/\/parfumas.lt\/wp-content\/uploads\/2019\/02\/boxes-dynamic2-600x343.jpg 600w, https:\/\/parfumas.lt\/wp-content\/uploads\/2019\/02\/boxes-dynamic2-768x439.jpg 768w, https:\/\/parfumas.lt\/wp-content\/uploads\/2019\/02\/boxes-dynamic2.jpg 783w\" sizes=\"auto, (max-width: 300px) 100vw, 300px\" \/><\/p>\n<p>ALCOHOL DENAT, PARFUM (FRAGRANCE), AQUA (WATER), ETHYLHEXYL METHOXYCINNAMATE, BUTYL METHOXYDIBENZOYLMETHANE, ETHYLHEXYL SALICYLATE, BENZOPHENONE-1, BHT, HYDROXYISOHEXYL-3-CYCLOHEXENE CARBOXALDEHYDE, LINALOOL, LIMONENE, CITRONELLOL, CITRAL, EUGENOL, BUTYLPHENYL METHYLPROPIONAL, GERANIOL\u00b1 [C.I. 19140, C.I. 15985].<\/p>\n","protected":false},"excerpt":{"rendered":"<h2>Apra\u0161ymas<\/h2>\n<p>Saphir \u2013 Boxes Dynamic \u2013 Pour Homme \u2013 Eau de Parfum \u2013 vyrams<\/p>\n<p>\u2013 Vir\u0161utin\u0117s natos: bergamotis, citrina, slyva, obuolys;<br \/>\n\u2013 Vidurin\u0117s natos: cinamonas, raudonmedis;<br \/>\n\u2013 Pagrindin\u0117s natos: \u00a0kedras, sandalmedis, vanil\u0117, vetiveris.<\/p>\n<p><strong><img loading=\"lazy\" decoding=\"async\" class=\"alignnone size-full wp-image-84\" src=\"http:\/\/parfumas.lt\/wp-content\/uploads\/2018\/05\/medienos.jpg\" alt=\"\" width=\"72\" height=\"73\" \/>\u00a0 \u00a0RYTIETI\u0160KA \u2013\u00a0<\/strong><strong>MEDIENOS \u0161eima<\/strong><\/p>\n<p>Jai b\u016bdingos vyraujan\u010dios medienos natos, sald\u017eios arba stiprios (sandalmedis, kedras \u2026).<\/p>\n","protected":false},"featured_media":465,"comment_status":"open","ping_status":"closed","template":"","meta":{"_monsterinsights_skip_tracking":false,"_monsterinsights_sitenote_active":false,"_monsterinsights_sitenote_note":"","_monsterinsights_sitenote_category":0},"product_brand":[],"product_cat":[26,54,43,40,19],"product_tag":[50,28,53],"class_list":{"0":"post-464","1":"product","2":"type-product","3":"status-publish","4":"has-post-thumbnail","6":"product_cat-eau-de-parfum","7":"product_cat-ispardavimas","8":"product_cat-populiarus","9":"product_cat-rytietiski-medienos","10":"product_cat-kvepalai-vyrams","11":"product_tag-akcija","12":"product_tag-parfum-kvepalai-vyrams","13":"product_tag-populiarus","15":"first","16":"instock","17":"sale","18":"shipping-taxable","19":"purchasable","20":"product-type-variable"},"yoast_head":"<!-- This site is optimized with the Yoast SEO plugin v27.2 - https:\/\/yoast.com\/product\/yoast-seo-wordpress\/ -->\n<title>Boxes Dynamic - saphir.lt<\/title>\n<meta name=\"description\" content=\"geri parfum kvelapai saphir parfumas.lt gera kaina\" \/>\n<meta name=\"robots\" content=\"index, follow, max-snippet:-1, max-image-preview:large, max-video-preview:-1\" \/>\n<link rel=\"canonical\" href=\"https:\/\/parfumas.lt\/index.php\/product\/boxes-dynamic\/\" \/>\n<meta property=\"og:locale\" content=\"lt_LT\" \/>\n<meta property=\"og:type\" content=\"article\" \/>\n<meta property=\"og:title\" content=\"Boxes Dynamic - saphir.lt\" \/>\n<meta property=\"og:description\" content=\"geri parfum kvelapai saphir parfumas.lt gera kaina\" \/>\n<meta property=\"og:url\" content=\"https:\/\/parfumas.lt\/index.php\/product\/boxes-dynamic\/\" \/>\n<meta property=\"og:site_name\" content=\"saphir.lt\" \/>\n<meta property=\"article:publisher\" content=\"https:\/\/www.facebook.com\/parfumas.lt\" \/>\n<meta property=\"article:modified_time\" content=\"2025-11-21T10:25:42+00:00\" \/>\n<meta property=\"og:image\" content=\"https:\/\/parfumas.lt\/wp-content\/uploads\/2019\/02\/boxes-dynamic-1.jpg\" \/>\n\t<meta property=\"og:image:width\" content=\"568\" \/>\n\t<meta property=\"og:image:height\" content=\"649\" \/>\n\t<meta property=\"og:image:type\" content=\"image\/jpeg\" \/>\n<meta name=\"twitter:card\" content=\"summary_large_image\" \/>\n<meta name=\"twitter:label1\" content=\"Est. reading time\" \/>\n\t<meta name=\"twitter:data1\" content=\"1 minut\u0117\" \/>\n<script type=\"application\/ld+json\" class=\"yoast-schema-graph\">{\"@context\":\"https:\/\/schema.org\",\"@graph\":[{\"@type\":\"WebPage\",\"@id\":\"https:\/\/parfumas.lt\/index.php\/product\/boxes-dynamic\/\",\"url\":\"https:\/\/parfumas.lt\/index.php\/product\/boxes-dynamic\/\",\"name\":\"Boxes Dynamic - saphir.lt\",\"isPartOf\":{\"@id\":\"https:\/\/parfumas.lt\/#website\"},\"primaryImageOfPage\":{\"@id\":\"https:\/\/parfumas.lt\/index.php\/product\/boxes-dynamic\/#primaryimage\"},\"image\":{\"@id\":\"https:\/\/parfumas.lt\/index.php\/product\/boxes-dynamic\/#primaryimage\"},\"thumbnailUrl\":\"https:\/\/parfumas.lt\/wp-content\/uploads\/2019\/02\/boxes-dynamic-1.jpg\",\"datePublished\":\"2019-02-24T20:25:25+00:00\",\"dateModified\":\"2025-11-21T10:25:42+00:00\",\"description\":\"geri parfum kvelapai saphir parfumas.lt gera kaina\",\"breadcrumb\":{\"@id\":\"https:\/\/parfumas.lt\/index.php\/product\/boxes-dynamic\/#breadcrumb\"},\"inLanguage\":\"lt-LT\",\"potentialAction\":[{\"@type\":\"ReadAction\",\"target\":[\"https:\/\/parfumas.lt\/index.php\/product\/boxes-dynamic\/\"]}]},{\"@type\":\"ImageObject\",\"inLanguage\":\"lt-LT\",\"@id\":\"https:\/\/parfumas.lt\/index.php\/product\/boxes-dynamic\/#primaryimage\",\"url\":\"https:\/\/parfumas.lt\/wp-content\/uploads\/2019\/02\/boxes-dynamic-1.jpg\",\"contentUrl\":\"https:\/\/parfumas.lt\/wp-content\/uploads\/2019\/02\/boxes-dynamic-1.jpg\",\"width\":568,\"height\":649},{\"@type\":\"BreadcrumbList\",\"@id\":\"https:\/\/parfumas.lt\/index.php\/product\/boxes-dynamic\/#breadcrumb\",\"itemListElement\":[{\"@type\":\"ListItem\",\"position\":1,\"name\":\"Home\",\"item\":\"https:\/\/parfumas.lt\/\"},{\"@type\":\"ListItem\",\"position\":2,\"name\":\"el.Parduotuv\u0117\",\"item\":\"https:\/\/parfumas.lt\/index.php\/shop\/\"},{\"@type\":\"ListItem\",\"position\":3,\"name\":\"Boxes Dynamic\"}]},{\"@type\":\"WebSite\",\"@id\":\"https:\/\/parfumas.lt\/#website\",\"url\":\"https:\/\/parfumas.lt\/\",\"name\":\"saphir.lt\",\"description\":\"KASDIENINIAI KVEPALAI PO SPORTO, KELION\u0116JE, U\u017d GER\u0104 KAIN\u0104!\",\"potentialAction\":[{\"@type\":\"SearchAction\",\"target\":{\"@type\":\"EntryPoint\",\"urlTemplate\":\"https:\/\/parfumas.lt\/?s={search_term_string}\"},\"query-input\":{\"@type\":\"PropertyValueSpecification\",\"valueRequired\":true,\"valueName\":\"search_term_string\"}}],\"inLanguage\":\"lt-LT\"}]}<\/script>\n<!-- \/ Yoast SEO plugin. -->","yoast_head_json":{"title":"Boxes Dynamic - saphir.lt","description":"geri parfum kvelapai saphir parfumas.lt gera kaina","robots":{"index":"index","follow":"follow","max-snippet":"max-snippet:-1","max-image-preview":"max-image-preview:large","max-video-preview":"max-video-preview:-1"},"canonical":"https:\/\/parfumas.lt\/index.php\/product\/boxes-dynamic\/","og_locale":"lt_LT","og_type":"article","og_title":"Boxes Dynamic - saphir.lt","og_description":"geri parfum kvelapai saphir parfumas.lt gera kaina","og_url":"https:\/\/parfumas.lt\/index.php\/product\/boxes-dynamic\/","og_site_name":"saphir.lt","article_publisher":"https:\/\/www.facebook.com\/parfumas.lt","article_modified_time":"2025-11-21T10:25:42+00:00","og_image":[{"width":568,"height":649,"url":"https:\/\/parfumas.lt\/wp-content\/uploads\/2019\/02\/boxes-dynamic-1.jpg","type":"image\/jpeg"}],"twitter_card":"summary_large_image","twitter_misc":{"Est. reading time":"1 minut\u0117"},"schema":{"@context":"https:\/\/schema.org","@graph":[{"@type":"WebPage","@id":"https:\/\/parfumas.lt\/index.php\/product\/boxes-dynamic\/","url":"https:\/\/parfumas.lt\/index.php\/product\/boxes-dynamic\/","name":"Boxes Dynamic - saphir.lt","isPartOf":{"@id":"https:\/\/parfumas.lt\/#website"},"primaryImageOfPage":{"@id":"https:\/\/parfumas.lt\/index.php\/product\/boxes-dynamic\/#primaryimage"},"image":{"@id":"https:\/\/parfumas.lt\/index.php\/product\/boxes-dynamic\/#primaryimage"},"thumbnailUrl":"https:\/\/parfumas.lt\/wp-content\/uploads\/2019\/02\/boxes-dynamic-1.jpg","datePublished":"2019-02-24T20:25:25+00:00","dateModified":"2025-11-21T10:25:42+00:00","description":"geri parfum kvelapai saphir parfumas.lt gera kaina","breadcrumb":{"@id":"https:\/\/parfumas.lt\/index.php\/product\/boxes-dynamic\/#breadcrumb"},"inLanguage":"lt-LT","potentialAction":[{"@type":"ReadAction","target":["https:\/\/parfumas.lt\/index.php\/product\/boxes-dynamic\/"]}]},{"@type":"ImageObject","inLanguage":"lt-LT","@id":"https:\/\/parfumas.lt\/index.php\/product\/boxes-dynamic\/#primaryimage","url":"https:\/\/parfumas.lt\/wp-content\/uploads\/2019\/02\/boxes-dynamic-1.jpg","contentUrl":"https:\/\/parfumas.lt\/wp-content\/uploads\/2019\/02\/boxes-dynamic-1.jpg","width":568,"height":649},{"@type":"BreadcrumbList","@id":"https:\/\/parfumas.lt\/index.php\/product\/boxes-dynamic\/#breadcrumb","itemListElement":[{"@type":"ListItem","position":1,"name":"Home","item":"https:\/\/parfumas.lt\/"},{"@type":"ListItem","position":2,"name":"el.Parduotuv\u0117","item":"https:\/\/parfumas.lt\/index.php\/shop\/"},{"@type":"ListItem","position":3,"name":"Boxes Dynamic"}]},{"@type":"WebSite","@id":"https:\/\/parfumas.lt\/#website","url":"https:\/\/parfumas.lt\/","name":"saphir.lt","description":"KASDIENINIAI KVEPALAI PO SPORTO, KELION\u0116JE, U\u017d GER\u0104 KAIN\u0104!","potentialAction":[{"@type":"SearchAction","target":{"@type":"EntryPoint","urlTemplate":"https:\/\/parfumas.lt\/?s={search_term_string}"},"query-input":{"@type":"PropertyValueSpecification","valueRequired":true,"valueName":"search_term_string"}}],"inLanguage":"lt-LT"}]}},"_links":{"self":[{"href":"https:\/\/parfumas.lt\/index.php\/wp-json\/wp\/v2\/product\/464","targetHints":{"allow":["GET"]}}],"collection":[{"href":"https:\/\/parfumas.lt\/index.php\/wp-json\/wp\/v2\/product"}],"about":[{"href":"https:\/\/parfumas.lt\/index.php\/wp-json\/wp\/v2\/types\/product"}],"replies":[{"embeddable":true,"href":"https:\/\/parfumas.lt\/index.php\/wp-json\/wp\/v2\/comments?post=464"}],"wp:featuredmedia":[{"embeddable":true,"href":"https:\/\/parfumas.lt\/index.php\/wp-json\/wp\/v2\/media\/465"}],"wp:attachment":[{"href":"https:\/\/parfumas.lt\/index.php\/wp-json\/wp\/v2\/media?parent=464"}],"wp:term":[{"taxonomy":"product_brand","embeddable":true,"href":"https:\/\/parfumas.lt\/index.php\/wp-json\/wp\/v2\/product_brand?post=464"},{"taxonomy":"product_cat","embeddable":true,"href":"https:\/\/parfumas.lt\/index.php\/wp-json\/wp\/v2\/product_cat?post=464"},{"taxonomy":"product_tag","embeddable":true,"href":"https:\/\/parfumas.lt\/index.php\/wp-json\/wp\/v2\/product_tag?post=464"}],"curies":[{"name":"wp","href":"https:\/\/api.w.org\/{rel}","templated":true}]}}