{"id":468,"date":"2019-02-24T20:37:27","date_gmt":"2019-02-24T20:37:27","guid":{"rendered":"https:\/\/parfumas.lt\/?post_type=product&#038;p=468"},"modified":"2025-11-21T10:24:45","modified_gmt":"2025-11-21T10:24:45","slug":"select-one-man","status":"publish","type":"product","link":"https:\/\/parfumas.lt\/index.php\/product\/select-one-man\/","title":{"rendered":"Select One Man"},"content":{"rendered":"<p>Select One Men \u2013 eleganti\u0161kas ir jausmingas aromatas skirtas vyrams, kurie turi pasaulio vizij\u0105 ir \u017eino ko nori i\u0161 gyvenimo. Kvapas\u00a0\u00a0pabr\u0117\u017eia j\u016bs\u0173 asmenyb\u0119 ir pasitik\u0117jim\u0105 savimi.<\/p>\n<p><img loading=\"lazy\" decoding=\"async\" class=\"alignnone size-medium wp-image-470\" src=\"https:\/\/parfumas.lt\/wp-content\/uploads\/2019\/02\/select-one-man-2-300x165.jpg\" alt=\"\" width=\"300\" height=\"165\" srcset=\"https:\/\/parfumas.lt\/wp-content\/uploads\/2019\/02\/select-one-man-2-300x165.jpg 300w, https:\/\/parfumas.lt\/wp-content\/uploads\/2019\/02\/select-one-man-2-600x329.jpg 600w, https:\/\/parfumas.lt\/wp-content\/uploads\/2019\/02\/select-one-man-2-768x422.jpg 768w, https:\/\/parfumas.lt\/wp-content\/uploads\/2019\/02\/select-one-man-2.jpg 818w\" sizes=\"auto, (max-width: 300px) 100vw, 300px\" \/><\/p>\n<p>ALCOHOL DENAT, PARFUM (FRAGRANCE), AQUA (WATER), ETHYLHEXYL METHOXYCINNAMATE, BUTYL METHOXYDIBENZOYLMETHANE, ETHYLHEXYL SALICYLATE, BENZOPHENONE-1, BHT, CITRAL, GERANIOL, BUTYLPHENYL METHYLPROPIONAL, LINALOOL, BENZYL BENZOATE, HEXYL CINNAMAL, LIMONENE, ALPHA-ISOMETHYL IONONE, \u00b1 [C.I. 19140, C.I. 15985].<\/p>\n","protected":false},"excerpt":{"rendered":"<h2>Apra\u0161ymas<\/h2>\n<p>Saphir \u2013 Select One Men \u2013 Pour Homme \u2013 Eau de Parfum \u2013 vyrams<\/p>\n<p>\u2013 Vir\u0161utin\u0117s natos: \u00a0bergamot\u0117, mandarinas, neroli;<br \/>\n\u2013 Vidurin\u0117s natos: kedras, pipirai, pupel\u0117s;<br \/>\n\u2013 Pagrindin\u0117s natos: levanda, citrusiniai vaisiai, tabakas.<\/p>\n<p><strong><img loading=\"lazy\" decoding=\"async\" class=\"alignnone size-full wp-image-84\" src=\"http:\/\/parfumas.lt\/wp-content\/uploads\/2018\/05\/medienos.jpg\" alt=\"\" width=\"72\" height=\"73\" \/>\u00a0 \u00a0MEDIENOS \u0161eima<\/strong><\/p>\n<p>Jai b\u016bdingos vyraujan\u010dios medienos natos, sald\u017eios arba stiprios (sandalmedis, kedras).<\/p>\n<p>&nbsp;<\/p>\n","protected":false},"featured_media":471,"comment_status":"open","ping_status":"closed","template":"","meta":{"_monsterinsights_skip_tracking":false,"_monsterinsights_sitenote_active":false,"_monsterinsights_sitenote_note":"","_monsterinsights_sitenote_category":0},"product_brand":[],"product_cat":[26,54,43,40,19],"product_tag":[50,28],"class_list":{"0":"post-468","1":"product","2":"type-product","3":"status-publish","4":"has-post-thumbnail","6":"product_cat-eau-de-parfum","7":"product_cat-ispardavimas","8":"product_cat-populiarus","9":"product_cat-rytietiski-medienos","10":"product_cat-kvepalai-vyrams","11":"product_tag-akcija","12":"product_tag-parfum-kvepalai-vyrams","14":"first","15":"instock","16":"sale","17":"shipping-taxable","18":"purchasable","19":"product-type-variable"},"yoast_head":"<!-- This site is optimized with the Yoast SEO plugin v27.2 - https:\/\/yoast.com\/product\/yoast-seo-wordpress\/ -->\n<title>Select One Man - saphir.lt<\/title>\n<meta name=\"description\" content=\"kvepalai gera kaina saphir parfumas.lt\" \/>\n<meta name=\"robots\" content=\"index, follow, max-snippet:-1, max-image-preview:large, max-video-preview:-1\" \/>\n<link rel=\"canonical\" href=\"https:\/\/parfumas.lt\/index.php\/product\/select-one-man\/\" \/>\n<meta property=\"og:locale\" content=\"lt_LT\" \/>\n<meta property=\"og:type\" content=\"article\" \/>\n<meta property=\"og:title\" content=\"Select One Man - saphir.lt\" \/>\n<meta property=\"og:description\" content=\"kvepalai gera kaina saphir parfumas.lt\" \/>\n<meta property=\"og:url\" content=\"https:\/\/parfumas.lt\/index.php\/product\/select-one-man\/\" \/>\n<meta property=\"og:site_name\" content=\"saphir.lt\" \/>\n<meta property=\"article:publisher\" content=\"https:\/\/www.facebook.com\/parfumas.lt\" \/>\n<meta property=\"article:modified_time\" content=\"2025-11-21T10:24:45+00:00\" \/>\n<meta property=\"og:image\" content=\"https:\/\/parfumas.lt\/wp-content\/uploads\/2019\/02\/select-one-man.jpg\" \/>\n\t<meta property=\"og:image:width\" content=\"568\" \/>\n\t<meta property=\"og:image:height\" content=\"649\" \/>\n\t<meta property=\"og:image:type\" content=\"image\/jpeg\" \/>\n<meta name=\"twitter:card\" content=\"summary_large_image\" \/>\n<meta name=\"twitter:label1\" content=\"Est. reading time\" \/>\n\t<meta name=\"twitter:data1\" content=\"1 minut\u0117\" \/>\n<script type=\"application\/ld+json\" class=\"yoast-schema-graph\">{\"@context\":\"https:\/\/schema.org\",\"@graph\":[{\"@type\":\"WebPage\",\"@id\":\"https:\/\/parfumas.lt\/index.php\/product\/select-one-man\/\",\"url\":\"https:\/\/parfumas.lt\/index.php\/product\/select-one-man\/\",\"name\":\"Select One Man - saphir.lt\",\"isPartOf\":{\"@id\":\"https:\/\/parfumas.lt\/#website\"},\"primaryImageOfPage\":{\"@id\":\"https:\/\/parfumas.lt\/index.php\/product\/select-one-man\/#primaryimage\"},\"image\":{\"@id\":\"https:\/\/parfumas.lt\/index.php\/product\/select-one-man\/#primaryimage\"},\"thumbnailUrl\":\"https:\/\/parfumas.lt\/wp-content\/uploads\/2019\/02\/select-one-man.jpg\",\"datePublished\":\"2019-02-24T20:37:27+00:00\",\"dateModified\":\"2025-11-21T10:24:45+00:00\",\"description\":\"kvepalai gera kaina saphir parfumas.lt\",\"breadcrumb\":{\"@id\":\"https:\/\/parfumas.lt\/index.php\/product\/select-one-man\/#breadcrumb\"},\"inLanguage\":\"lt-LT\",\"potentialAction\":[{\"@type\":\"ReadAction\",\"target\":[\"https:\/\/parfumas.lt\/index.php\/product\/select-one-man\/\"]}]},{\"@type\":\"ImageObject\",\"inLanguage\":\"lt-LT\",\"@id\":\"https:\/\/parfumas.lt\/index.php\/product\/select-one-man\/#primaryimage\",\"url\":\"https:\/\/parfumas.lt\/wp-content\/uploads\/2019\/02\/select-one-man.jpg\",\"contentUrl\":\"https:\/\/parfumas.lt\/wp-content\/uploads\/2019\/02\/select-one-man.jpg\",\"width\":568,\"height\":649},{\"@type\":\"BreadcrumbList\",\"@id\":\"https:\/\/parfumas.lt\/index.php\/product\/select-one-man\/#breadcrumb\",\"itemListElement\":[{\"@type\":\"ListItem\",\"position\":1,\"name\":\"Home\",\"item\":\"https:\/\/parfumas.lt\/\"},{\"@type\":\"ListItem\",\"position\":2,\"name\":\"el.Parduotuv\u0117\",\"item\":\"https:\/\/parfumas.lt\/index.php\/shop\/\"},{\"@type\":\"ListItem\",\"position\":3,\"name\":\"Select One Man\"}]},{\"@type\":\"WebSite\",\"@id\":\"https:\/\/parfumas.lt\/#website\",\"url\":\"https:\/\/parfumas.lt\/\",\"name\":\"saphir.lt\",\"description\":\"KASDIENINIAI KVEPALAI PO SPORTO, KELION\u0116JE, U\u017d GER\u0104 KAIN\u0104!\",\"potentialAction\":[{\"@type\":\"SearchAction\",\"target\":{\"@type\":\"EntryPoint\",\"urlTemplate\":\"https:\/\/parfumas.lt\/?s={search_term_string}\"},\"query-input\":{\"@type\":\"PropertyValueSpecification\",\"valueRequired\":true,\"valueName\":\"search_term_string\"}}],\"inLanguage\":\"lt-LT\"}]}<\/script>\n<!-- \/ Yoast SEO plugin. -->","yoast_head_json":{"title":"Select One Man - saphir.lt","description":"kvepalai gera kaina saphir parfumas.lt","robots":{"index":"index","follow":"follow","max-snippet":"max-snippet:-1","max-image-preview":"max-image-preview:large","max-video-preview":"max-video-preview:-1"},"canonical":"https:\/\/parfumas.lt\/index.php\/product\/select-one-man\/","og_locale":"lt_LT","og_type":"article","og_title":"Select One Man - saphir.lt","og_description":"kvepalai gera kaina saphir parfumas.lt","og_url":"https:\/\/parfumas.lt\/index.php\/product\/select-one-man\/","og_site_name":"saphir.lt","article_publisher":"https:\/\/www.facebook.com\/parfumas.lt","article_modified_time":"2025-11-21T10:24:45+00:00","og_image":[{"width":568,"height":649,"url":"https:\/\/parfumas.lt\/wp-content\/uploads\/2019\/02\/select-one-man.jpg","type":"image\/jpeg"}],"twitter_card":"summary_large_image","twitter_misc":{"Est. reading time":"1 minut\u0117"},"schema":{"@context":"https:\/\/schema.org","@graph":[{"@type":"WebPage","@id":"https:\/\/parfumas.lt\/index.php\/product\/select-one-man\/","url":"https:\/\/parfumas.lt\/index.php\/product\/select-one-man\/","name":"Select One Man - saphir.lt","isPartOf":{"@id":"https:\/\/parfumas.lt\/#website"},"primaryImageOfPage":{"@id":"https:\/\/parfumas.lt\/index.php\/product\/select-one-man\/#primaryimage"},"image":{"@id":"https:\/\/parfumas.lt\/index.php\/product\/select-one-man\/#primaryimage"},"thumbnailUrl":"https:\/\/parfumas.lt\/wp-content\/uploads\/2019\/02\/select-one-man.jpg","datePublished":"2019-02-24T20:37:27+00:00","dateModified":"2025-11-21T10:24:45+00:00","description":"kvepalai gera kaina saphir parfumas.lt","breadcrumb":{"@id":"https:\/\/parfumas.lt\/index.php\/product\/select-one-man\/#breadcrumb"},"inLanguage":"lt-LT","potentialAction":[{"@type":"ReadAction","target":["https:\/\/parfumas.lt\/index.php\/product\/select-one-man\/"]}]},{"@type":"ImageObject","inLanguage":"lt-LT","@id":"https:\/\/parfumas.lt\/index.php\/product\/select-one-man\/#primaryimage","url":"https:\/\/parfumas.lt\/wp-content\/uploads\/2019\/02\/select-one-man.jpg","contentUrl":"https:\/\/parfumas.lt\/wp-content\/uploads\/2019\/02\/select-one-man.jpg","width":568,"height":649},{"@type":"BreadcrumbList","@id":"https:\/\/parfumas.lt\/index.php\/product\/select-one-man\/#breadcrumb","itemListElement":[{"@type":"ListItem","position":1,"name":"Home","item":"https:\/\/parfumas.lt\/"},{"@type":"ListItem","position":2,"name":"el.Parduotuv\u0117","item":"https:\/\/parfumas.lt\/index.php\/shop\/"},{"@type":"ListItem","position":3,"name":"Select One Man"}]},{"@type":"WebSite","@id":"https:\/\/parfumas.lt\/#website","url":"https:\/\/parfumas.lt\/","name":"saphir.lt","description":"KASDIENINIAI KVEPALAI PO SPORTO, KELION\u0116JE, U\u017d GER\u0104 KAIN\u0104!","potentialAction":[{"@type":"SearchAction","target":{"@type":"EntryPoint","urlTemplate":"https:\/\/parfumas.lt\/?s={search_term_string}"},"query-input":{"@type":"PropertyValueSpecification","valueRequired":true,"valueName":"search_term_string"}}],"inLanguage":"lt-LT"}]}},"_links":{"self":[{"href":"https:\/\/parfumas.lt\/index.php\/wp-json\/wp\/v2\/product\/468","targetHints":{"allow":["GET"]}}],"collection":[{"href":"https:\/\/parfumas.lt\/index.php\/wp-json\/wp\/v2\/product"}],"about":[{"href":"https:\/\/parfumas.lt\/index.php\/wp-json\/wp\/v2\/types\/product"}],"replies":[{"embeddable":true,"href":"https:\/\/parfumas.lt\/index.php\/wp-json\/wp\/v2\/comments?post=468"}],"wp:featuredmedia":[{"embeddable":true,"href":"https:\/\/parfumas.lt\/index.php\/wp-json\/wp\/v2\/media\/471"}],"wp:attachment":[{"href":"https:\/\/parfumas.lt\/index.php\/wp-json\/wp\/v2\/media?parent=468"}],"wp:term":[{"taxonomy":"product_brand","embeddable":true,"href":"https:\/\/parfumas.lt\/index.php\/wp-json\/wp\/v2\/product_brand?post=468"},{"taxonomy":"product_cat","embeddable":true,"href":"https:\/\/parfumas.lt\/index.php\/wp-json\/wp\/v2\/product_cat?post=468"},{"taxonomy":"product_tag","embeddable":true,"href":"https:\/\/parfumas.lt\/index.php\/wp-json\/wp\/v2\/product_tag?post=468"}],"curies":[{"name":"wp","href":"https:\/\/api.w.org\/{rel}","templated":true}]}}