{"id":591,"date":"2019-03-21T15:48:36","date_gmt":"2019-03-21T15:48:36","guid":{"rendered":"https:\/\/parfumas.lt\/?post_type=product&#038;p=591"},"modified":"2025-11-21T10:19:28","modified_gmt":"2025-11-21T10:19:28","slug":"seduction-women-de-saphir","status":"publish","type":"product","link":"https:\/\/parfumas.lt\/index.php\/product\/seduction-women-de-saphir\/","title":{"rendered":"Seduction Women de Saphir"},"content":{"rendered":"<p>Kvapas moteriai, kuri tiksliai \u017eino, ko nori i\u0161 gyvenimo. Stiprus, \u0161iltas g\u0117li\u0173 aromatas efektingai lyd\u0117s Jus vis\u0105 dien\u0105.<\/p>\n<p><img loading=\"lazy\" decoding=\"async\" class=\"alignnone size-medium wp-image-593\" src=\"https:\/\/parfumas.lt\/wp-content\/uploads\/2019\/03\/seduction-300x164.jpg\" alt=\"\" width=\"300\" height=\"164\" srcset=\"https:\/\/parfumas.lt\/wp-content\/uploads\/2019\/03\/seduction-300x164.jpg 300w, https:\/\/parfumas.lt\/wp-content\/uploads\/2019\/03\/seduction-600x328.jpg 600w, https:\/\/parfumas.lt\/wp-content\/uploads\/2019\/03\/seduction-768x420.jpg 768w, https:\/\/parfumas.lt\/wp-content\/uploads\/2019\/03\/seduction.jpg 894w\" sizes=\"auto, (max-width: 300px) 100vw, 300px\" \/><\/p>\n<p>ALCOHOL DENAT, PARFUM (FRAGRANCE), AQUA (WATER), ETHYLHEXYL METHOXYCINNAMATE, BUTYL METHOXYDIBENZOYLMETHANE, ETHYLHEXYL SALICYLATE, BENZOPHENONE-1, BHT, BENZYL SALICYLATE, CITRAL, CITRONELLOL, COUMARIN, HYDROXYCITRONELLAL, LIMONENE, LINALOOL, ALPHA ISOMETHYL IONONE, BUTYLPHENYL METHYLPROPIONAL \u00b1 [C.I. 19140, C.I. 15985]<\/p>\n","protected":false},"excerpt":{"rendered":"<p>Saphir \u2013 Seduction Women de Saphir \u2013 Pour Femme \u2013 Eau de Parfum \u2013 moterims<\/p>\n<p>&nbsp;<\/p>\n<p><strong><img loading=\"lazy\" decoding=\"async\" class=\"alignnone size-full wp-image-78\" src=\"http:\/\/parfumas.lt\/wp-content\/uploads\/2018\/05\/Geliu.jpg\" alt=\"\" width=\"72\" height=\"72\" \/>\u00a0 \u00a0<\/strong><strong>G\u0116LI\u0172 \u0161eima<\/strong><\/p>\n<p>Nat\u016brali\u0173 gamtos g\u0117li\u0173 derinys su kitais \u012fkvepian\u010diais elementais teikia plat\u0173 g\u0117li\u0173 kvepal\u0173 akord\u0173 \u012fvairov\u0119.<\/p>\n","protected":false},"featured_media":594,"comment_status":"open","ping_status":"closed","template":"","meta":{"_monsterinsights_skip_tracking":false,"_monsterinsights_sitenote_active":false,"_monsterinsights_sitenote_note":"","_monsterinsights_sitenote_category":0},"product_brand":[],"product_cat":[52,26,51,38,54,18],"product_tag":[29],"class_list":{"0":"post-591","1":"product","2":"type-product","3":"status-publish","4":"has-post-thumbnail","6":"product_cat-akcija","7":"product_cat-eau-de-parfum","8":"product_cat-galutinis-ispardavimas","9":"product_cat-geliu","10":"product_cat-ispardavimas","11":"product_cat-kvepalai-moterims","12":"product_tag-parfum-kvepalai-moterims","14":"first","15":"instock","16":"sale","17":"shipping-taxable","18":"purchasable","19":"product-type-variable"},"yoast_head":"<!-- This site is optimized with the Yoast SEO plugin v27.2 - https:\/\/yoast.com\/product\/yoast-seo-wordpress\/ -->\n<title>Seduction Women de Saphir - saphir.lt<\/title>\n<meta name=\"description\" content=\"kokybi\u0161ki saphir kvepalai moterims gera kaina\" \/>\n<meta name=\"robots\" content=\"index, follow, max-snippet:-1, max-image-preview:large, max-video-preview:-1\" \/>\n<link rel=\"canonical\" href=\"https:\/\/parfumas.lt\/index.php\/product\/seduction-women-de-saphir\/\" \/>\n<meta property=\"og:locale\" content=\"lt_LT\" \/>\n<meta property=\"og:type\" content=\"article\" \/>\n<meta property=\"og:title\" content=\"Seduction Women de Saphir - saphir.lt\" \/>\n<meta property=\"og:description\" content=\"kokybi\u0161ki saphir kvepalai moterims gera kaina\" \/>\n<meta property=\"og:url\" content=\"https:\/\/parfumas.lt\/index.php\/product\/seduction-women-de-saphir\/\" \/>\n<meta property=\"og:site_name\" content=\"saphir.lt\" \/>\n<meta property=\"article:publisher\" content=\"https:\/\/www.facebook.com\/parfumas.lt\" \/>\n<meta property=\"article:modified_time\" content=\"2025-11-21T10:19:28+00:00\" \/>\n<meta property=\"og:image\" content=\"https:\/\/parfumas.lt\/wp-content\/uploads\/2019\/03\/seduction-woman.jpg\" \/>\n\t<meta property=\"og:image:width\" content=\"568\" \/>\n\t<meta property=\"og:image:height\" content=\"649\" \/>\n\t<meta property=\"og:image:type\" content=\"image\/jpeg\" \/>\n<meta name=\"twitter:card\" content=\"summary_large_image\" \/>\n<meta name=\"twitter:label1\" content=\"Est. reading time\" \/>\n\t<meta name=\"twitter:data1\" content=\"1 minut\u0117\" \/>\n<script type=\"application\/ld+json\" class=\"yoast-schema-graph\">{\"@context\":\"https:\/\/schema.org\",\"@graph\":[{\"@type\":\"WebPage\",\"@id\":\"https:\/\/parfumas.lt\/index.php\/product\/seduction-women-de-saphir\/\",\"url\":\"https:\/\/parfumas.lt\/index.php\/product\/seduction-women-de-saphir\/\",\"name\":\"Seduction Women de Saphir - saphir.lt\",\"isPartOf\":{\"@id\":\"https:\/\/parfumas.lt\/#website\"},\"primaryImageOfPage\":{\"@id\":\"https:\/\/parfumas.lt\/index.php\/product\/seduction-women-de-saphir\/#primaryimage\"},\"image\":{\"@id\":\"https:\/\/parfumas.lt\/index.php\/product\/seduction-women-de-saphir\/#primaryimage\"},\"thumbnailUrl\":\"https:\/\/parfumas.lt\/wp-content\/uploads\/2019\/03\/seduction-woman.jpg\",\"datePublished\":\"2019-03-21T15:48:36+00:00\",\"dateModified\":\"2025-11-21T10:19:28+00:00\",\"description\":\"kokybi\u0161ki saphir kvepalai moterims gera kaina\",\"breadcrumb\":{\"@id\":\"https:\/\/parfumas.lt\/index.php\/product\/seduction-women-de-saphir\/#breadcrumb\"},\"inLanguage\":\"lt-LT\",\"potentialAction\":[{\"@type\":\"ReadAction\",\"target\":[\"https:\/\/parfumas.lt\/index.php\/product\/seduction-women-de-saphir\/\"]}]},{\"@type\":\"ImageObject\",\"inLanguage\":\"lt-LT\",\"@id\":\"https:\/\/parfumas.lt\/index.php\/product\/seduction-women-de-saphir\/#primaryimage\",\"url\":\"https:\/\/parfumas.lt\/wp-content\/uploads\/2019\/03\/seduction-woman.jpg\",\"contentUrl\":\"https:\/\/parfumas.lt\/wp-content\/uploads\/2019\/03\/seduction-woman.jpg\",\"width\":568,\"height\":649},{\"@type\":\"BreadcrumbList\",\"@id\":\"https:\/\/parfumas.lt\/index.php\/product\/seduction-women-de-saphir\/#breadcrumb\",\"itemListElement\":[{\"@type\":\"ListItem\",\"position\":1,\"name\":\"Home\",\"item\":\"https:\/\/parfumas.lt\/\"},{\"@type\":\"ListItem\",\"position\":2,\"name\":\"el.Parduotuv\u0117\",\"item\":\"https:\/\/parfumas.lt\/index.php\/shop\/\"},{\"@type\":\"ListItem\",\"position\":3,\"name\":\"Seduction Women de Saphir\"}]},{\"@type\":\"WebSite\",\"@id\":\"https:\/\/parfumas.lt\/#website\",\"url\":\"https:\/\/parfumas.lt\/\",\"name\":\"saphir.lt\",\"description\":\"KASDIENINIAI KVEPALAI PO SPORTO, KELION\u0116JE, U\u017d GER\u0104 KAIN\u0104!\",\"potentialAction\":[{\"@type\":\"SearchAction\",\"target\":{\"@type\":\"EntryPoint\",\"urlTemplate\":\"https:\/\/parfumas.lt\/?s={search_term_string}\"},\"query-input\":{\"@type\":\"PropertyValueSpecification\",\"valueRequired\":true,\"valueName\":\"search_term_string\"}}],\"inLanguage\":\"lt-LT\"}]}<\/script>\n<!-- \/ Yoast SEO plugin. -->","yoast_head_json":{"title":"Seduction Women de Saphir - saphir.lt","description":"kokybi\u0161ki saphir kvepalai moterims gera kaina","robots":{"index":"index","follow":"follow","max-snippet":"max-snippet:-1","max-image-preview":"max-image-preview:large","max-video-preview":"max-video-preview:-1"},"canonical":"https:\/\/parfumas.lt\/index.php\/product\/seduction-women-de-saphir\/","og_locale":"lt_LT","og_type":"article","og_title":"Seduction Women de Saphir - saphir.lt","og_description":"kokybi\u0161ki saphir kvepalai moterims gera kaina","og_url":"https:\/\/parfumas.lt\/index.php\/product\/seduction-women-de-saphir\/","og_site_name":"saphir.lt","article_publisher":"https:\/\/www.facebook.com\/parfumas.lt","article_modified_time":"2025-11-21T10:19:28+00:00","og_image":[{"width":568,"height":649,"url":"https:\/\/parfumas.lt\/wp-content\/uploads\/2019\/03\/seduction-woman.jpg","type":"image\/jpeg"}],"twitter_card":"summary_large_image","twitter_misc":{"Est. reading time":"1 minut\u0117"},"schema":{"@context":"https:\/\/schema.org","@graph":[{"@type":"WebPage","@id":"https:\/\/parfumas.lt\/index.php\/product\/seduction-women-de-saphir\/","url":"https:\/\/parfumas.lt\/index.php\/product\/seduction-women-de-saphir\/","name":"Seduction Women de Saphir - saphir.lt","isPartOf":{"@id":"https:\/\/parfumas.lt\/#website"},"primaryImageOfPage":{"@id":"https:\/\/parfumas.lt\/index.php\/product\/seduction-women-de-saphir\/#primaryimage"},"image":{"@id":"https:\/\/parfumas.lt\/index.php\/product\/seduction-women-de-saphir\/#primaryimage"},"thumbnailUrl":"https:\/\/parfumas.lt\/wp-content\/uploads\/2019\/03\/seduction-woman.jpg","datePublished":"2019-03-21T15:48:36+00:00","dateModified":"2025-11-21T10:19:28+00:00","description":"kokybi\u0161ki saphir kvepalai moterims gera kaina","breadcrumb":{"@id":"https:\/\/parfumas.lt\/index.php\/product\/seduction-women-de-saphir\/#breadcrumb"},"inLanguage":"lt-LT","potentialAction":[{"@type":"ReadAction","target":["https:\/\/parfumas.lt\/index.php\/product\/seduction-women-de-saphir\/"]}]},{"@type":"ImageObject","inLanguage":"lt-LT","@id":"https:\/\/parfumas.lt\/index.php\/product\/seduction-women-de-saphir\/#primaryimage","url":"https:\/\/parfumas.lt\/wp-content\/uploads\/2019\/03\/seduction-woman.jpg","contentUrl":"https:\/\/parfumas.lt\/wp-content\/uploads\/2019\/03\/seduction-woman.jpg","width":568,"height":649},{"@type":"BreadcrumbList","@id":"https:\/\/parfumas.lt\/index.php\/product\/seduction-women-de-saphir\/#breadcrumb","itemListElement":[{"@type":"ListItem","position":1,"name":"Home","item":"https:\/\/parfumas.lt\/"},{"@type":"ListItem","position":2,"name":"el.Parduotuv\u0117","item":"https:\/\/parfumas.lt\/index.php\/shop\/"},{"@type":"ListItem","position":3,"name":"Seduction Women de Saphir"}]},{"@type":"WebSite","@id":"https:\/\/parfumas.lt\/#website","url":"https:\/\/parfumas.lt\/","name":"saphir.lt","description":"KASDIENINIAI KVEPALAI PO SPORTO, KELION\u0116JE, U\u017d GER\u0104 KAIN\u0104!","potentialAction":[{"@type":"SearchAction","target":{"@type":"EntryPoint","urlTemplate":"https:\/\/parfumas.lt\/?s={search_term_string}"},"query-input":{"@type":"PropertyValueSpecification","valueRequired":true,"valueName":"search_term_string"}}],"inLanguage":"lt-LT"}]}},"_links":{"self":[{"href":"https:\/\/parfumas.lt\/index.php\/wp-json\/wp\/v2\/product\/591","targetHints":{"allow":["GET"]}}],"collection":[{"href":"https:\/\/parfumas.lt\/index.php\/wp-json\/wp\/v2\/product"}],"about":[{"href":"https:\/\/parfumas.lt\/index.php\/wp-json\/wp\/v2\/types\/product"}],"replies":[{"embeddable":true,"href":"https:\/\/parfumas.lt\/index.php\/wp-json\/wp\/v2\/comments?post=591"}],"wp:featuredmedia":[{"embeddable":true,"href":"https:\/\/parfumas.lt\/index.php\/wp-json\/wp\/v2\/media\/594"}],"wp:attachment":[{"href":"https:\/\/parfumas.lt\/index.php\/wp-json\/wp\/v2\/media?parent=591"}],"wp:term":[{"taxonomy":"product_brand","embeddable":true,"href":"https:\/\/parfumas.lt\/index.php\/wp-json\/wp\/v2\/product_brand?post=591"},{"taxonomy":"product_cat","embeddable":true,"href":"https:\/\/parfumas.lt\/index.php\/wp-json\/wp\/v2\/product_cat?post=591"},{"taxonomy":"product_tag","embeddable":true,"href":"https:\/\/parfumas.lt\/index.php\/wp-json\/wp\/v2\/product_tag?post=591"}],"curies":[{"name":"wp","href":"https:\/\/api.w.org\/{rel}","templated":true}]}}